{"id":2011,"date":"2024-04-17T04:13:51","date_gmt":"2024-04-17T04:13:51","guid":{"rendered":"https:\/\/gfxpartner.com\/growla-4\/?page_id=2011"},"modified":"2025-12-03T04:04:39","modified_gmt":"2025-12-03T03:04:39","slug":"wer-wir-sind","status":"publish","type":"page","link":"https:\/\/mediapeople.pl\/de\/wer-wir-sind\/","title":{"rendered":"Wer sind wir?"},"content":{"rendered":"<div data-elementor-type=\"wp-page\" data-elementor-id=\"2011\" class=\"elementor elementor-2011\" data-elementor-post-type=\"page\">\n\t\t\t\t<div class=\"elementor-element elementor-element-07f9718 e-con-full e-flex e-con e-parent\" data-id=\"07f9718\" data-element_type=\"container\" data-settings=\"{&quot;background_background&quot;:&quot;classic&quot;}\">\n\t\t<div class=\"elementor-element elementor-element-b9282fd e-flex e-con-boxed e-con e-child\" data-id=\"b9282fd\" data-element_type=\"container\">\n\t\t\t\t\t<div class=\"e-con-inner\">\n\t\t\t\t<div class=\"elementor-element elementor-element-8362327 elementor-widget__width-initial elementor-widget-tablet__width-inherit elementor-widget elementor-widget-growla_heading\" data-id=\"8362327\" data-element_type=\"widget\" data-widget_type=\"growla_heading.default\">\n\t\t\t\t<div class=\"elementor-widget-container\">\n\t\t\t\t\t\t<div class=\"growla-heading\">\r\n        <h6 class=\"growla-heading--sub mini-heading-02\">\r\n\r\n                            \/\/ Wer sind wir?                        \r\n        <\/h6>\r\n\r\n                    <div class=\"growla-heading--content\">\r\n                <p>Wir schaffen eine Gemeinschaft <strong>erfahrene Medienexperten<\/strong>, Marketing und Wirtschaft.<\/p>            <\/div>    \r\n            <\/div>\r\n\t\t\t\t\t<\/div>\n\t\t\t\t<\/div>\n\t\t\t\t\t\t\t<h4 class=\"e-b0da82c-9e5e8b5 e-heading-base\"  >\n\t\t\tWie wir arbeiten\n\t\t<\/h4>\n\t\t\t\t\t\t\t\t<p class=\"e-eb35b69-c9fa5ed e-paragraph-base\"  >\n\t\t\t\t\t\t\t\t\t\tWir f\u00fchren erfolgreiche Kampagnen durch, indem wir den Kunden aus einem breiteren Blickwinkel betrachten und das gesamte Unternehmen darauf vorbereiten, die Verkaufsleistung in Bezug auf die Kampagne zu optimieren.\n\t\t\t\t\t\t<\/p>\n\t\t\t\t\t\t\t\t<p class=\"e-9fb5ff8-fa0fe2a e-paragraph-base\"  >\n\t\t\t\t\t\t\t\t\t\tWir sind n\u00e4mlich der Meinung, dass selbst die am besten vorbereitete Kampagne unwirksam oder nicht gut genug ist, wenn andere Bereiche des Unternehmens nicht darauf vorbereitet sind.\n\nDie Kampagnen unserer Kunden werden auf integrierte und strategische Weise umgesetzt.  Wir sind in der Lage, eine sehr gute Umsetzung des Plans in allen Kommunikationskan\u00e4len zu gew\u00e4hrleisten. Wir entwickeln Kommunikationsstrategien, die auf Touchpoints, Consumer Insights und segmentspezifischer Kommunikation basieren.\n\nWir sind auf die Arbeit f\u00fcr kleine und mittelst\u00e4ndische Unternehmen spezialisiert und stellen ihnen erfahrene Experten zur Seite - Praktiker, die jahrelang in Schl\u00fcsselpositionen f\u00fcr internationale und polnische Marken gearbeitet haben.\n\nDer \u00fcbergeordnete Wert unserer Arbeit ist das 360\u00b0-Denken.\n\t\t\t\t\t\t<\/p>\n\t\t\t\t\t\t\t<h4 class=\"e-00b560e-594d6cf e-heading-base\"  >\n\t\t\tErleben Sie\n\t\t<\/h4>\n\t\t\t\t\t\t\t\t<p class=\"e-334ef15-f639901 e-paragraph-base\"  >\n\t\t\t\t\t\t\t\t\t\tWir sind seit den Anf\u00e4ngen der Branche in diesem Bereich t\u00e4tig.\n\t\t\t\t\t\t<\/p>\n\t\t\t\t\t\t\t\t<p class=\"e-2b15743-d073299 e-paragraph-base\"  >\n\t\t\t\t\t\t\t\t\t\tWir kennen uns damit bestens aus, da wir viele Jahre lang in Schl\u00fcsselpositionen bei gro\u00dfen Medien\nund in Netzwerk-Medienh\u00e4usern gearbeitet.\n\nHeute sind wir eine Gemeinschaft von Medienschaffenden, die mehr als nur Dienstleistungen f\u00fcr Medienh\u00e4user anbieten.\n\nNehmen Sie Kontakt mit uns auf!\n\t\t\t\t\t\t<\/p>\n\t\t\t\t\t<\/div>\n\t\t\t\t<\/div>\n\t\t\t\t<\/div>\n\t\t<div class=\"elementor-element elementor-element-9ce4f7c e-flex e-con-boxed e-con e-parent\" data-id=\"9ce4f7c\" data-element_type=\"container\" data-settings=\"{&quot;background_background&quot;:&quot;classic&quot;}\">\n\t\t\t\t\t<div class=\"e-con-inner\">\n\t\t<div class=\"elementor-element elementor-element-c7bf9aa e-con-full e-flex e-con e-child\" data-id=\"c7bf9aa\" data-element_type=\"container\">\n\t\t\t\t<div class=\"elementor-element elementor-element-727caa5 elementor-widget elementor-widget-growla_heading\" data-id=\"727caa5\" data-element_type=\"widget\" data-widget_type=\"growla_heading.default\">\n\t\t\t\t<div class=\"elementor-widget-container\">\n\t\t\t\t\t\t<div class=\"growla-heading\">\r\n        <h6 class=\"growla-heading--sub mini-heading-02\">\r\n\r\n                            \/\/                         \r\n        <\/h6>\r\n\r\n                    <div class=\"growla-heading--content\">\r\n                <p><b>Der \u00fcbergreifende Wert unserer Arbeit ist das 360\u00b0-Denken.<\/b><\/p>            <\/div>    \r\n            <\/div>\r\n\t\t\t\t\t<\/div>\n\t\t\t\t<\/div>\n\t\t\t\t<\/div>\n\t\t\t\t\t<\/div>\n\t\t\t\t<\/div>\n\t\t\t\t<\/div>","protected":false},"excerpt":{"rendered":"<p>\/\/ Wer sind wir? Wir sind eine Gemeinschaft von erfahrenen Medien-, Marketing- und Wirtschaftsexperten. Wie wir arbeiten Wir realisieren erfolgreiche Kampagnen, indem wir den Kunden aus einem breiteren Blickwinkel betrachten und das gesamte Unternehmen vorbereiten, um die Verkaufsleistung der Kampagne zu optimieren. Denn wir sind der Meinung, dass selbst die am besten vorbereitete Kampagne unwirksam oder nicht gut genug ist, wenn andere Bereiche des Unternehmens nicht darauf vorbereitet sind. Kampagnen [...]<\/p>","protected":false},"author":1,"featured_media":0,"parent":0,"menu_order":0,"comment_status":"closed","ping_status":"closed","template":"","meta":{"inline_featured_image":false,"footnotes":""},"class_list":["post-2011","page","type-page","status-publish","hentry"],"_links":{"self":[{"href":"https:\/\/mediapeople.pl\/de\/wp-json\/wp\/v2\/pages\/2011","targetHints":{"allow":["GET"]}}],"collection":[{"href":"https:\/\/mediapeople.pl\/de\/wp-json\/wp\/v2\/pages"}],"about":[{"href":"https:\/\/mediapeople.pl\/de\/wp-json\/wp\/v2\/types\/page"}],"author":[{"embeddable":true,"href":"https:\/\/mediapeople.pl\/de\/wp-json\/wp\/v2\/users\/1"}],"replies":[{"embeddable":true,"href":"https:\/\/mediapeople.pl\/de\/wp-json\/wp\/v2\/comments?post=2011"}],"version-history":[{"count":39,"href":"https:\/\/mediapeople.pl\/de\/wp-json\/wp\/v2\/pages\/2011\/revisions"}],"predecessor-version":[{"id":7573,"href":"https:\/\/mediapeople.pl\/de\/wp-json\/wp\/v2\/pages\/2011\/revisions\/7573"}],"wp:attachment":[{"href":"https:\/\/mediapeople.pl\/de\/wp-json\/wp\/v2\/media?parent=2011"}],"curies":[{"name":"wp","href":"https:\/\/api.w.org\/{rel}","templated":true}]}}