{"id":3,"date":"2025-10-06T23:02:29","date_gmt":"2025-10-06T21:02:29","guid":{"rendered":"https:\/\/mediapeople.pl\/?page_id=3"},"modified":"2025-12-03T04:06:53","modified_gmt":"2025-12-03T03:06:53","slug":"datenschutzbestimmungen","status":"publish","type":"page","link":"https:\/\/mediapeople.pl\/de\/datenschutzbestimmungen\/","title":{"rendered":"Datenschutzbestimmungen"},"content":{"rendered":"<h2 class=\"wp-block-heading\">Wer wir sind<\/h2>\n\n\n<p><strong class=\"privacy-policy-tutorial\">Vorgeschlagener Text: <\/strong>Unsere Website-Adresse lautet: https:\/\/dev-new-vision.pl\/mediapeople.<\/p>\n\n\n<h2 class=\"wp-block-heading\">Kommentare<\/h2>\n\n\n<p><strong class=\"privacy-policy-tutorial\">Vorgeschlagener Text: <\/strong>Wenn ein Website-Besucher einen Kommentar hinterl\u00e4sst, erfassen wir die im Kommentarformular sichtbaren Daten sowie die IP-Adresse und die Browsersignatur des Besuchers als Hilfsmittel zur Spam-Erkennung.<\/p>\n\n\n<p>Eine anonymisierte Zeichenfolge, die aus Ihrer E-Mail-Adresse erstellt wird (auch als Hash bekannt), kann an den Gravatar-Dienst gesendet werden, um zu \u00fcberpr\u00fcfen, ob sie verwendet wird. Die Datenschutzrichtlinien des Gravatar-Dienstes finden Sie unter: https:\/\/automattic.com\/privacy\/. Sobald Ihr Kommentar genehmigt ist, ist Ihr Profilbild im Zusammenhang mit Ihrem Kommentar \u00f6ffentlich sichtbar.<\/p>\n\n\n<h2 class=\"wp-block-heading\">Medien<\/h2>\n\n\n<p><strong class=\"privacy-policy-tutorial\">Vorgeschlagener Text: <\/strong>Wenn Sie ein registrierter Benutzer sind und Bilder auf die Website hochladen, sollten Sie es vermeiden, Bilder mit EXIF-Ortsangaben hochzuladen. Besucher der Website k\u00f6nnen die vollst\u00e4ndigen Standortdaten von Bildern auf der Website herunterladen und lesen.<\/p>\n\n\n<h2 class=\"wp-block-heading\">Cookies<\/h2>\n\n\n<p><strong class=\"privacy-policy-tutorial\">Vorgeschlagener Text: <\/strong>Wenn Sie auf der Website einen Kommentar abgeben, k\u00f6nnen Sie w\u00e4hlen, ob Ihr Name, Ihre E-Mail-Adresse und Ihre Website in Cookies gespeichert werden sollen, so dass Sie beim Verfassen weiterer Kommentare die oben genannten Informationen bereits bequem erg\u00e4nzen k\u00f6nnen. Cookies verfallen nach einem Jahr.<\/p>\n\n\n<p>Wenn Sie die Anmeldeseite besuchen, legen wir ein tempor\u00e4res Cookie an, um zu pr\u00fcfen, ob Ihr Browser Cookies akzeptiert. Dieser enth\u00e4lt keine personenbezogenen Daten und wird beim Schlie\u00dfen des Browsers wieder gel\u00f6scht.<\/p>\n\n\n<p>Wenn Sie sich anmelden, erstellen wir zus\u00e4tzlich mehrere Cookies, die zum Speichern Ihrer Anmeldeinformationen und ausgew\u00e4hlten Bildschirmoptionen ben\u00f6tigt werden. Die Login-Cookies verfallen nach zwei Tagen und die Bildschirmoptionen nach einem Jahr. Wenn Sie die Option \u201eRemember me\u201d w\u00e4hlen, l\u00e4uft Ihr Login nach zwei Wochen ab. Wenn Sie sich von Ihrem Konto abmelden, werden Ihre Login-Cookies gel\u00f6scht.<\/p>\n\n\n<p>Wenn Sie einen Artikel \u00e4ndern oder ver\u00f6ffentlichen, wird ein zus\u00e4tzliches Cookie in Ihrem Browser gespeichert. Dieses Cookie enth\u00e4lt keine pers\u00f6nlichen Daten, sondern verweist lediglich auf die ID des Artikels, den Sie gerade bearbeitet haben. Er verf\u00e4llt nach 1 Tag.<\/p>\n\n\n<h2 class=\"wp-block-heading\">Einbetten von Inhalten von anderen Websites<\/h2>\n\n\n<p><strong class=\"privacy-policy-tutorial\">Vorgeschlagener Text: <\/strong>Die Artikel auf dieser Website k\u00f6nnen eingebettete Inhalte (z. B. Videos, Bilder, Artikel usw.) enthalten. Eingebettete Inhalte von anderen Websites verhalten sich so, als ob der Nutzer die betreffende Website direkt besucht h\u00e4tte.<\/p>\n\n\n<p>Websites k\u00f6nnen Informationen \u00fcber Sie sammeln, Cookies verwenden, zus\u00e4tzliche Tracking-Systeme von Drittanbietern einbinden und Ihre Interaktionen mit eingebettetem Material \u00fcberwachen, einschlie\u00dflich der Verfolgung Ihrer Interaktionen mit eingebettetem Material, wenn Sie \u00fcber ein Konto verf\u00fcgen und auf dieser Website angemeldet sind.<\/p>\n\n\n<h2 class=\"wp-block-heading\">Mit wem wir Daten teilen<\/h2>\n\n\n<p><strong class=\"privacy-policy-tutorial\">Vorgeschlagener Text: <\/strong>Wenn Sie eine Passwortr\u00fccksetzung anfordern, wird Ihre IP-Adresse in der gesendeten Nachricht enthalten sein.<\/p>\n\n\n<h2 class=\"wp-block-heading\">Wie lange wir Ihre Daten aufbewahren<\/h2>\n\n\n<p><strong class=\"privacy-policy-tutorial\">Vorgeschlagener Text: <\/strong>Wenn Sie einen Kommentar hinterlassen, werden dessen Inhalt und Metadaten auf unbestimmte Zeit gespeichert. Auf diese Weise k\u00f6nnen wir nachfolgende Kommentare automatisch erkennen und genehmigen, ohne sie jedes Mal zur Moderation zu schicken.<\/p>\n\n\n<p>Bei Nutzern, die sich auf unserer Website registriert haben (falls vorhanden), speichern wir auch die in das Profil eingegebenen pers\u00f6nlichen Daten. Jeder Nutzer kann seine pers\u00f6nlichen Daten jederzeit \u00fcberpr\u00fcfen, korrigieren oder l\u00f6schen (mit Ausnahme des Benutzernamens, der nicht ge\u00e4ndert werden kann). Auch die Administratoren der Website k\u00f6nnen diese Informationen einsehen und \u00e4ndern.<\/p>\n\n\n<h2 class=\"wp-block-heading\">Welche Rechte haben Sie in Bezug auf Ihre Daten?<\/h2>\n\n\n<p><strong class=\"privacy-policy-tutorial\">Vorgeschlagener Text: <\/strong>Wenn Sie ein Benutzerkonto haben oder Kommentare auf dieser Website gepostet haben, k\u00f6nnen Sie eine Datei mit einem exportierten Satz Ihrer pers\u00f6nlichen Daten anfordern, die sich in unserem Besitz befinden, einschlie\u00dflich aller von Ihnen bereitgestellten Informationen. Sie k\u00f6nnen auch verlangen, dass wir alle in unserem Besitz befindlichen personenbezogenen Daten l\u00f6schen. Dies gilt nicht f\u00fcr Daten, die wir aus administrativen, rechtlichen oder Sicherheitsgr\u00fcnden aufbewahren m\u00fcssen.<\/p>\n\n\n<h2 class=\"wp-block-heading\">Wohin wir Ihre Daten senden<\/h2>\n\n\n<p><strong class=\"privacy-policy-tutorial\">Vorgeschlagener Text: <\/strong>Besucherkommentare k\u00f6nnen mit Hilfe eines automatischen Spam-Erkennungsdienstes \u00fcberpr\u00fcft werden.<\/p>","protected":false},"excerpt":{"rendered":"<p>Kim jeste\u015bmy Sugerowany tekst: Adres naszej strony internetowej to: https:\/\/dev-new-vision.pl\/mediapeople. Komentarze Sugerowany tekst: Kiedy odwiedzaj\u0105cy witryn\u0119 zostawia komentarz, zbieramy dane widoczne w formularzu komentowania, jak i adres IP odwiedzaj\u0105cego oraz podpis jego przegl\u0105darki jako pomoc przy wykrywaniu spamu. Anonimizowany ci\u0105g znak\u00f3w utworzony z twojego adresu e-mail (zwany te\u017c hashem) mo\u017ce zosta\u0107 przes\u0142any do us\u0142ugi Gravatar [&hellip;]<\/p>","protected":false},"author":1,"featured_media":0,"parent":0,"menu_order":0,"comment_status":"closed","ping_status":"open","template":"","meta":{"inline_featured_image":false,"footnotes":""},"class_list":["post-3","page","type-page","status-publish","hentry"],"_links":{"self":[{"href":"https:\/\/mediapeople.pl\/de\/wp-json\/wp\/v2\/pages\/3","targetHints":{"allow":["GET"]}}],"collection":[{"href":"https:\/\/mediapeople.pl\/de\/wp-json\/wp\/v2\/pages"}],"about":[{"href":"https:\/\/mediapeople.pl\/de\/wp-json\/wp\/v2\/types\/page"}],"author":[{"embeddable":true,"href":"https:\/\/mediapeople.pl\/de\/wp-json\/wp\/v2\/users\/1"}],"replies":[{"embeddable":true,"href":"https:\/\/mediapeople.pl\/de\/wp-json\/wp\/v2\/comments?post=3"}],"version-history":[{"count":1,"href":"https:\/\/mediapeople.pl\/de\/wp-json\/wp\/v2\/pages\/3\/revisions"}],"predecessor-version":[{"id":7988,"href":"https:\/\/mediapeople.pl\/de\/wp-json\/wp\/v2\/pages\/3\/revisions\/7988"}],"wp:attachment":[{"href":"https:\/\/mediapeople.pl\/de\/wp-json\/wp\/v2\/media?parent=3"}],"curies":[{"name":"wp","href":"https:\/\/api.w.org\/{rel}","templated":true}]}}