{"id":4599,"date":"2025-10-07T11:34:31","date_gmt":"2025-10-07T09:34:31","guid":{"rendered":"https:\/\/mediapeople.pl\/careers-2\/"},"modified":"2025-12-03T04:06:37","modified_gmt":"2025-12-03T03:06:37","slug":"jobangebote","status":"publish","type":"page","link":"https:\/\/mediapeople.pl\/de\/jobangebote\/","title":{"rendered":"Arbeitsm\u00f6glichkeiten"},"content":{"rendered":"<div data-elementor-type=\"wp-page\" data-elementor-id=\"4599\" class=\"elementor elementor-4599\" data-elementor-post-type=\"page\">\n\t\t\t\t<div class=\"elementor-element elementor-element-2bb9f969 e-flex e-con-boxed e-con e-parent\" data-id=\"2bb9f969\" data-element_type=\"container\" data-settings=\"{&quot;background_background&quot;:&quot;classic&quot;}\">\n\t\t\t\t\t<div class=\"e-con-inner\">\n\t\t\t\t<div class=\"elementor-element elementor-element-3a940824 elementor-widget elementor-widget-growla_heading\" data-id=\"3a940824\" data-element_type=\"widget\" data-widget_type=\"growla_heading.default\">\n\t\t\t\t<div class=\"elementor-widget-container\">\n\t\t\t\t\t\t<div class=\"growla-heading\">\r\n        <h6 class=\"growla-heading--sub mini-heading-02\">\r\n\r\n                            \/\/ JOIN US                        \r\n        <\/h6>\r\n\r\n                    <div class=\"growla-heading--content\">\r\n                <p>Aktuelle Einstellungen<\/p>            <\/div>    \r\n            <\/div>\r\n\t\t\t\t\t<\/div>\n\t\t\t\t<\/div>\n\t\t<div class=\"elementor-element elementor-element-317e4592 e-con-full e-flex e-con e-child\" data-id=\"317e4592\" data-element_type=\"container\">\n\t\t\t\t<div class=\"elementor-element elementor-element-4edeab00 elementor-widget elementor-widget-growla_collapse_tab\" data-id=\"4edeab00\" data-element_type=\"widget\" data-widget_type=\"growla_collapse_tab.default\">\n\t\t\t\t<div class=\"elementor-widget-container\">\n\t\t\t\t\t    <div class=\"growla-collapse\">\r\n        <div class=\"growla-collapse-inner\">\r\n                        <h3 class=\"growla-collapse-heading\">\r\n                MEDIENASSISTENT            <\/h3>\r\n            \r\n                        <h6>\r\n                Ort der Arbeit: Warschau            <\/h6>\r\n            \r\n            <div class=\"growla-collapse-content-wrapper\">\r\n                <div class=\"growla-collapse-excerpt\">\r\n                    <p>Unterst\u00fctzung des Teams bei der Planung und dem Einkauf von Medien sowie bei der Durchf\u00fchrung und Abrechnung von Kampagnen....<\/p>                <\/div>\r\n\r\n                <div class=\"growla-collapse-content\">\r\n                    <p>ERWARTUNGEN<br \/>Praktische Computerkenntnisse in MS Office, insbesondere in Excel und Power Point.<\/p><p>Interesse am Online-Werbemarkt.<\/p><p>F\u00e4higkeit zu selbst\u00e4ndigem Arbeiten, ausgezeichnete Arbeitsorganisation und Zusammenarbeit im Team.<\/p><p>Wichtiger als die Berufserfahrung sind f\u00fcr uns eine positive Einstellung, die Bereitschaft, Neues zu lernen, der Blick \u00fcber den Tellerrand und die Leichtigkeit der Vernetzung.<\/p><p>MILIT\u00c4RISCHE ANSICHTEN<br \/>Kommunikationsf\u00e4higes Englisch in Wort und Schrift<\/p><p>AUFGABEN<br \/>Unterst\u00fctzung des Teams bei der Planung und dem Einkauf von Medien sowie bei der Durchf\u00fchrung und Abrechnung von Kampagnen.<br \/>\u00dcberwachung, Erstellung von Analysen und Berichten \u00fcber laufende Kampagnen, den Markt, Trends und den Wettbewerb. Erstellung von Zusammenfassungen und Multimedia-Pr\u00e4sentationen.<br \/>Kontaktaufnahme mit Verlegern, Preisgestaltung f\u00fcr Werbefl\u00e4chen, Validierung von Werbematerialien, Koordinierung einfacher Werbekampagnen.<\/p><p>Schreiben Sie uns: <a href=\"mailto:kontakt@mediapeople.pl\">kontakt@mediapeople.pl<\/a><\/p>                <\/div>\r\n            <\/div>\r\n        <\/div>\r\n\r\n                <div class=\"growla-collapse-icon\">\r\n                        <div class=\"normal-icon\">\r\n                <svg aria-hidden=\"true\" class=\"e-font-icon-svg e-fas-arrow-down\" viewbox=\"0 0 448 512\" xmlns=\"http:\/\/www.w3.org\/2000\/svg\"><path d=\"M413.1 222.5l22.2 22.2c9.4 9.4 9.4 24.6 0 33.9L241 473c-9.4 9.4-24.6 9.4-33.9 0L12.7 278.6c-9.4-9.4-9.4-24.6 0-33.9l22.2-22.2c9.5-9.5 25-9.3 34.3.4L184 343.4V56c0-13.3 10.7-24 24-24h32c13.3 0 24 10.7 24 24v287.4l114.8-120.5c9.3-9.8 24.8-10 34.3-.4z\"><\/path><\/svg>            <\/div>\r\n                                    <div class=\"active-icon\">\r\n                            <\/div>\r\n                    <\/div>\r\n            <\/div>\r\n    \t\t\t\t<\/div>\n\t\t\t\t<\/div>\n\t\t\t\t<div class=\"elementor-element elementor-element-17d93963 elementor-widget elementor-widget-growla_collapse_tab\" data-id=\"17d93963\" data-element_type=\"widget\" data-widget_type=\"growla_collapse_tab.default\">\n\t\t\t\t<div class=\"elementor-widget-container\">\n\t\t\t\t\t    <div class=\"growla-collapse\">\r\n        <div class=\"growla-collapse-inner\">\r\n                        <h3 class=\"growla-collapse-heading\">\r\n                Manager f\u00fcr digitale Medien            <\/h3>\r\n            \r\n                        <h6>\r\n                Ort der Arbeit: Warschau            <\/h6>\r\n            \r\n            <div class=\"growla-collapse-content-wrapper\">\r\n                <div class=\"growla-collapse-excerpt\">\r\n                    <p class=\"page-content\">JOB AUFGABEN<br \/>Unabh\u00e4ngige und umfassende Ausarbeitung der digitalen Strategie und Empfehlungen....<\/p>                <\/div>\r\n\r\n                <div class=\"growla-collapse-content\">\r\n                    <p>JOB AUFGABEN<\/p><ul><li><p>Unabh\u00e4ngige und umfassende Ausarbeitung einer digitalen Strategie und von Empfehlungen.<\/p><\/li><li><p>Teilnahme an Ausschreibungen und neuen Gesch\u00e4ftsprojekten.<\/p><\/li><li><p>Kontaktaufnahme mit Kunden, Verlegern und Unterauftragnehmern auf der Ebene des Aufbaus t\u00e4glicher Beziehungen, Organisation und Moderation von Sitzungen.<\/p><\/li><li>\u00a0<\/li><\/ul><p>VORAUSSCHAUEND<\/p><ul><li><p>Erfahrung in einer \u00e4hnlichen Position<\/p><\/li><li><p>analytische F\u00e4higkeiten und die F\u00e4higkeit, klare Schlussfolgerungen und Empfehlungen zu formulieren<\/p><\/li><li><p>F\u00e4higkeit zur Erstellung und Pr\u00e4sentation von Angeboten in PPT und Excel<\/p><\/li><li><p>F\u00e4higkeit, Ergebnisse zu analysieren und Online-Kampagnen zu optimieren<\/p><\/li><li><p>Verhandlungsgeschick<\/p><\/li><li><p>\u00fcber den Tellerrand schauen und andere von seinen Ideen \u00fcberzeugen k\u00f6nnen<\/p><\/li><li><p>Englische Sprachkenntnisse auf kommunikativem Niveau<\/p><\/li><li>\u00a0<\/li><\/ul><p>MILIT\u00c4RISCHE ANSICHTEN<\/p><ul><li><p>Kenntnisse \u00fcber die Durchf\u00fchrung von E-Commerce-Werbekampagnen und Kenntnisse \u00fcber das programmatische \u00d6kosystem<\/p><\/li><li><p>Kenntnisse der Tools DV360, AdForm, DoubleClick Campaign Manager, gDE, Google Analytics, Google Tag Manager<\/p><\/li><li>\u00a0<\/li><\/ul><p>WIR BIETEN<\/p><ul><li><p>Wahl der Besch\u00e4ftigungsform<\/p><\/li><li><p>ein den F\u00e4higkeiten entsprechendes Gehalt<\/p><\/li><li><p>zus\u00e4tzliche Boni zum regul\u00e4ren Gehalt<\/p><\/li><li><p>M\u00f6glichkeit, in einem Hybridsystem zu arbeiten<\/p><\/li><li><p>ma\u00dfgeschneiderte Schulungskurse<\/p><\/li><li><p>G\u00fcnstiger B\u00fcrostandort in Mokotow, direkt neben der U-Bahn<\/p><\/li><li><p>intime Atmosph\u00e4re<\/p><\/li><li><p>k\u00f6stlicher Kaffee, loser Tee, gesunde S\u00fc\u00dfigkeiten<\/p><\/li><\/ul><p>\u00a0<\/p><p>Schreiben Sie uns: <a href=\"mailto:kontakt@mediapeople.pl\">kontakt@mediapeople.pl<\/a><\/p>                <\/div>\r\n            <\/div>\r\n        <\/div>\r\n\r\n                <div class=\"growla-collapse-icon\">\r\n                        <div class=\"normal-icon\">\r\n                <svg aria-hidden=\"true\" class=\"e-font-icon-svg e-fas-arrow-down\" viewbox=\"0 0 448 512\" xmlns=\"http:\/\/www.w3.org\/2000\/svg\"><path d=\"M413.1 222.5l22.2 22.2c9.4 9.4 9.4 24.6 0 33.9L241 473c-9.4 9.4-24.6 9.4-33.9 0L12.7 278.6c-9.4-9.4-9.4-24.6 0-33.9l22.2-22.2c9.5-9.5 25-9.3 34.3.4L184 343.4V56c0-13.3 10.7-24 24-24h32c13.3 0 24 10.7 24 24v287.4l114.8-120.5c9.3-9.8 24.8-10 34.3-.4z\"><\/path><\/svg>            <\/div>\r\n                                    <div class=\"active-icon\">\r\n                            <\/div>\r\n                    <\/div>\r\n            <\/div>\r\n    \t\t\t\t<\/div>\n\t\t\t\t<\/div>\n\t\t\t\t<\/div>\n\t\t\t\t\t<\/div>\n\t\t\t\t<\/div>\n\t\t\t\t<\/div>","protected":false},"excerpt":{"rendered":"<p>\/\/ DO\u0141\u0104CZ DO NAS Aktualne rekrutacje MEDIA ASSISTANT Miejsce pracy: Warszawa Wsparcie teamu w planowaniu i zakupie medi\u00f3w, oraz w realizacji i rozliczaniu kampanii&#8230;. OCZEKIWANIAPraktyczna umiej\u0119tno\u015b\u0107 obs\u0142ugi komputera w zakresie MS Office, w szczeg\u00f3lno\u015bci Excel i Power Point. Zainteresowanie rynkiem reklamy internetowej. Umiej\u0119tno\u015bci samodzielnego dzia\u0142ania, doskona\u0142ej organizacji pracy i wsp\u00f3\u0142pracy w Zespole. Wa\u017cniejsze ni\u017c do\u015bwiadczenie [&hellip;]<\/p>","protected":false},"author":1,"featured_media":0,"parent":0,"menu_order":0,"comment_status":"closed","ping_status":"closed","template":"","meta":{"inline_featured_image":false,"footnotes":""},"class_list":["post-4599","page","type-page","status-publish","hentry"],"_links":{"self":[{"href":"https:\/\/mediapeople.pl\/de\/wp-json\/wp\/v2\/pages\/4599","targetHints":{"allow":["GET"]}}],"collection":[{"href":"https:\/\/mediapeople.pl\/de\/wp-json\/wp\/v2\/pages"}],"about":[{"href":"https:\/\/mediapeople.pl\/de\/wp-json\/wp\/v2\/types\/page"}],"author":[{"embeddable":true,"href":"https:\/\/mediapeople.pl\/de\/wp-json\/wp\/v2\/users\/1"}],"replies":[{"embeddable":true,"href":"https:\/\/mediapeople.pl\/de\/wp-json\/wp\/v2\/comments?post=4599"}],"version-history":[{"count":4,"href":"https:\/\/mediapeople.pl\/de\/wp-json\/wp\/v2\/pages\/4599\/revisions"}],"predecessor-version":[{"id":7198,"href":"https:\/\/mediapeople.pl\/de\/wp-json\/wp\/v2\/pages\/4599\/revisions\/7198"}],"wp:attachment":[{"href":"https:\/\/mediapeople.pl\/de\/wp-json\/wp\/v2\/media?parent=4599"}],"curies":[{"name":"wp","href":"https:\/\/api.w.org\/{rel}","templated":true}]}}