{"id":5478,"date":"2025-10-22T12:05:50","date_gmt":"2025-10-22T10:05:50","guid":{"rendered":"https:\/\/mediapeople.pl\/?page_id=5478"},"modified":"2025-12-03T04:03:45","modified_gmt":"2025-12-03T03:03:45","slug":"mission","status":"publish","type":"page","link":"https:\/\/mediapeople.pl\/de\/mission\/","title":{"rendered":"Mission"},"content":{"rendered":"<div data-elementor-type=\"wp-page\" data-elementor-id=\"5478\" class=\"elementor elementor-5478\" data-elementor-post-type=\"page\">\n\t\t\t\t<div class=\"elementor-element elementor-element-1c9244c e-con-full e-flex e-con e-parent\" data-id=\"1c9244c\" data-element_type=\"container\" data-settings=\"{&quot;background_background&quot;:&quot;classic&quot;}\">\n\t\t<div class=\"elementor-element elementor-element-b228b23 e-flex e-con-boxed e-con e-child\" data-id=\"b228b23\" data-element_type=\"container\">\n\t\t\t\t\t<div class=\"e-con-inner\">\n\t\t\t\t<div class=\"elementor-element elementor-element-dc8c9ce elementor-widget__width-initial elementor-widget-tablet__width-inherit elementor-widget elementor-widget-growla_heading\" data-id=\"dc8c9ce\" data-element_type=\"widget\" data-widget_type=\"growla_heading.default\">\n\t\t\t\t<div class=\"elementor-widget-container\">\n\t\t\t\t\t\t<div class=\"growla-heading\">\r\n        <h6 class=\"growla-heading--sub mini-heading-02\">\r\n\r\n                            \/\/ Unser Auftrag                        \r\n        <\/h6>\r\n\r\n                    <div class=\"growla-heading--content\">\r\n                <p>Schaffung einer demokratischen, st\u00e4ndig lernenden Gemeinschaft von Fachleuten, die ein tiefes Gef\u00fchl f\u00fcr das haben, was sie tun.<\/p>            <\/div>    \r\n            <\/div>\r\n\t\t\t\t\t<\/div>\n\t\t\t\t<\/div>\n\t\t\t\t\t\t\t<h4 class=\"e-672889e-1dcd17e e-heading-base\"  >\n\t\t\tIdee\n\t\t<\/h4>\n\t\t\t\t\t\t\t\t<p class=\"e-859949a-48e3cfd e-paragraph-base\"  >\n\t\t\t\t\t\t\t\t\t\tUnterst\u00fctzung von KMU-Unternehmen mit dem Wissen hochqualifizierter Fachleute, die dem Sektor bisher nicht zur Verf\u00fcgung standen.\n\t\t\t\t\t\t<\/p>\n\t\t\t\t\t\t\t\t<p class=\"e-paragraph-base\"  >\n\t\t\t\t\t\t\t\t\t\tUnterst\u00fctzung der polnischen Wirtschaft durch ein lokales Unternehmen mit ausschlie\u00dflich polnischem Kapital,\naber mit langj\u00e4hriger Erfahrung, die auch in internationalen Unternehmen erworben wurde.\n\nRealisierung von effektiven Werbekampagnen dank integrierter Aktivit\u00e4ten\ndes gesamten Unternehmens vor, w\u00e4hrend und nach der Kampagne.\n\t\t\t\t\t\t<\/p>\n\t\t\t\t\t\t\t<h4 class=\"e-e232f54-a4e2c90 e-heading-base\"  >\n\t\t\tEinzigartigkeit\n\t\t<\/h4>\n\t\t\t\t\t\t\t\t<p class=\"e-1c11502-5711dc2 e-paragraph-base\"  >\n\t\t\t\t\t\t\t\t\t\tMedia People schafft eine Gemeinschaft von erfahrenen Medien-, Marketing- und Gesch\u00e4ftsexperten.\n\t\t\t\t\t\t<\/p>\n\t\t\t\t\t\t\t\t<p class=\"e-paragraph-base\"  >\n\t\t\t\t\t\t\t\t\t\tWir f\u00fchren erfolgreiche Kampagnen durch, indem wir den Kunden aus einem breiteren Blickwinkel betrachten und das gesamte Unternehmen darauf vorbereiten, die Verkaufsleistung in Bezug auf die Kampagne zu optimieren.\n\nDenn wir sind der Meinung, dass selbst die am besten vorbereitete Kampagne unwirksam oder nicht gut genug ist, wenn andere Bereiche des Unternehmens nicht darauf vorbereitet sind.\n\nDie Kampagnen unserer Kunden werden in einem integrierten und\nund strategisch.  Wir sind in der Lage, eine sehr gute Umsetzung des Plans in allen Kommunikationskan\u00e4len zu gew\u00e4hrleisten.\n\t\t\t\t\t\t<\/p>\n\t\t\t\t<div class=\"elementor-element elementor-element-48743c6 elementor-widget elementor-widget-growla_button\" data-id=\"48743c6\" data-element_type=\"widget\" data-widget_type=\"growla_button.default\">\n\t\t\t\t<div class=\"elementor-widget-container\">\n\t\t\t\t\t    <a href=\"\/mediapeople\/kim-jestesmy\/\" class=\"growla-button growla-button-icon-hover\">\r\n        <span>Wer wir sind<\/span>\r\n        \r\n                    <span class=\"icon\">\r\n                <svg xmlns=\"http:\/\/www.w3.org\/2000\/svg\" viewbox=\"0 0 24 24\"><path d=\"M4,11V13H16L10.5,18.5L11.92,19.92L19.84,12L11.92,4.08L10.5,5.5L16,11H4Z\"><\/path><\/svg>            <\/span>\r\n            <\/a>\r\n    \t\t\t\t<\/div>\n\t\t\t\t<\/div>\n\t\t\t\t\t<\/div>\n\t\t\t\t<\/div>\n\t\t\t\t<\/div>\n\t\t<div class=\"elementor-element elementor-element-9ce4f7c e-flex e-con-boxed e-con e-parent\" data-id=\"9ce4f7c\" data-element_type=\"container\" data-settings=\"{&quot;background_background&quot;:&quot;classic&quot;}\">\n\t\t\t\t\t<div class=\"e-con-inner\">\n\t\t<div class=\"elementor-element elementor-element-c7bf9aa e-con-full e-flex e-con e-child\" data-id=\"c7bf9aa\" data-element_type=\"container\">\n\t\t\t\t<div class=\"elementor-element elementor-element-727caa5 elementor-widget elementor-widget-growla_heading\" data-id=\"727caa5\" data-element_type=\"widget\" data-widget_type=\"growla_heading.default\">\n\t\t\t\t<div class=\"elementor-widget-container\">\n\t\t\t\t\t\t<div class=\"growla-heading\">\r\n        <h6 class=\"growla-heading--sub mini-heading-02\">\r\n\r\n                            \/\/                         \r\n        <\/h6>\r\n\r\n                    <div class=\"growla-heading--content\">\r\n                <h3>Ein Unternehmen mit menschlichem Antlitz zu f\u00fchren, das sich auf hochqualifizierte Fachleute st\u00fctzt, die ihre Dienste Unternehmen anbieten, die dieselben Werte teilen. Partnerschaft, Kompetenz, Anstand, Bereitschaft zu lernen und zu wachsen.<\/h3>            <\/div>    \r\n            <\/div>\r\n\t\t\t\t\t<\/div>\n\t\t\t\t<\/div>\n\t\t\t\t<\/div>\n\t\t\t\t\t<\/div>\n\t\t\t\t<\/div>\n\t\t\t\t<\/div>","protected":false},"excerpt":{"rendered":"<p>\/\/ Unsere Mission Wir wollen eine demokratische, kontinuierlich lernende Gemeinschaft von Experten schaffen, die ein tiefes Gef\u00fchl f\u00fcr das haben, was sie tun. Idee KMUs mit dem Wissen hochqualifizierter Spezialisten zu unterst\u00fctzen, die bisher in der Branche nicht verf\u00fcgbar waren. Unterst\u00fctzung polnischer Unternehmen durch ein lokales Unternehmen mit ausschlie\u00dflich polnischem Kapital, aber mit langj\u00e4hriger Erfahrung, die auch in internationalen Konzernen erworben wurde. Durchf\u00fchrung von wirksamen Werbekampagnen dank [...].<\/p>","protected":false},"author":1,"featured_media":0,"parent":0,"menu_order":0,"comment_status":"closed","ping_status":"closed","template":"","meta":{"inline_featured_image":false,"footnotes":""},"class_list":["post-5478","page","type-page","status-publish","hentry"],"_links":{"self":[{"href":"https:\/\/mediapeople.pl\/de\/wp-json\/wp\/v2\/pages\/5478","targetHints":{"allow":["GET"]}}],"collection":[{"href":"https:\/\/mediapeople.pl\/de\/wp-json\/wp\/v2\/pages"}],"about":[{"href":"https:\/\/mediapeople.pl\/de\/wp-json\/wp\/v2\/types\/page"}],"author":[{"embeddable":true,"href":"https:\/\/mediapeople.pl\/de\/wp-json\/wp\/v2\/users\/1"}],"replies":[{"embeddable":true,"href":"https:\/\/mediapeople.pl\/de\/wp-json\/wp\/v2\/comments?post=5478"}],"version-history":[{"count":30,"href":"https:\/\/mediapeople.pl\/de\/wp-json\/wp\/v2\/pages\/5478\/revisions"}],"predecessor-version":[{"id":7205,"href":"https:\/\/mediapeople.pl\/de\/wp-json\/wp\/v2\/pages\/5478\/revisions\/7205"}],"wp:attachment":[{"href":"https:\/\/mediapeople.pl\/de\/wp-json\/wp\/v2\/media?parent=5478"}],"curies":[{"name":"wp","href":"https:\/\/api.w.org\/{rel}","templated":true}]}}