{"id":5594,"date":"2025-10-22T13:45:55","date_gmt":"2025-10-22T11:45:55","guid":{"rendered":"https:\/\/mediapeople.pl\/?page_id=5594"},"modified":"2026-05-07T16:11:11","modified_gmt":"2026-05-07T14:11:11","slug":"uberseekampagnen","status":"publish","type":"page","link":"https:\/\/mediapeople.pl\/de\/kampanie-zagraniczne\/","title":{"rendered":"Kampagnen im Ausland"},"content":{"rendered":"\t\t<div data-elementor-type=\"wp-page\" data-elementor-id=\"5594\" class=\"elementor elementor-5594\" data-elementor-post-type=\"page\">\n\t\t\t\t<div class=\"elementor-element elementor-element-0451518 e-con-full e-flex e-con e-parent\" data-id=\"0451518\" data-element_type=\"container\" data-e-type=\"container\" data-settings=\"{&quot;background_background&quot;:&quot;classic&quot;}\">\n\t\t<div class=\"elementor-element elementor-element-2792135 e-flex e-con-boxed e-con e-child\" data-id=\"2792135\" data-element_type=\"container\" data-e-type=\"container\">\n\t\t\t\t\t<div class=\"e-con-inner\">\n\t\t\t\t<div class=\"elementor-element elementor-element-a982f31 elementor-widget__width-initial elementor-widget-tablet__width-inherit elementor-widget elementor-widget-growla_heading\" data-id=\"a982f31\" data-element_type=\"widget\" data-e-type=\"widget\" data-widget_type=\"growla_heading.default\">\n\t\t\t\t<div class=\"elementor-widget-container\">\n\t\t\t\t\t\t<div class=\"growla-heading\">\r\n        <h1 class=\"growla-heading--sub mini-heading-02\">\r\n\r\n                            Kampanie zagraniczne                        \r\n        <\/h1>\r\n\r\n                    <div class=\"growla-heading--content\">\r\n                <p>Dzia\u0142asz poza Polsk\u0105? <strong>Zapraszamy do wsp\u00f3\u0142pracy.<\/strong><br \/>Realizujemy kampanie na 15 rynkach.<\/p>            <\/div>    \r\n            <\/div>\r\n\t\t\t\t\t<\/div>\n\t\t\t\t<\/div>\n\t\t\t\t\t\t\t\t<p class=\"e-b3f17b1-f85200c e-paragraph-base\" data-interaction-id=\"b3f17b1\"  >\n\t\t\t\t\t\t\t\tMo\u017cemy by\u0107 partnerem koordynuj\u0105cym kampani\u0119 w regionie. Jest to mo\u017cliwe dzi\u0119ki przynale\u017cno\u015bci do elitarnej grupy WE_CAN.\n\t\t\t\t\t<\/p>\n\t\t\t\t\t\t\t\t<p class=\"e-paragraph-base\" data-interaction-id=\"5f6ccc6\"  >\n\t\t\t\t\t\t\t\tNasi eksperci tworz\u0105 weKNOW.\n\nweKNOW to unikalna platforma, kt\u00f3ra obejmuje najbardziej kompleksowe dane i trendy konsumenckie rynk\u00f3w reklamowych regionu Europy \u015arodkowo-Wschodniej. Odkrywa, jak procesy polityczne, ekonomiczne i spo\u0142eczne w ka\u017cdym kraju wp\u0142ywaj\u0105na lokalny przemys\u0142 reklamowy, analizuje sektor w \u015bwietle zr\u00f3\u017cnicowanych danych finansowych i przedstawia kluczowych marketer\u00f3w.\n\t\t\t\t\t<\/p>\n\t\t<div class=\"elementor-element elementor-element-e90d6db e-grid e-con-full e-con e-child\" data-id=\"e90d6db\" data-element_type=\"container\" data-e-type=\"container\">\n\t\t\t\t<\/div>\n\t\t\t\t\t\t\t\n\t\t\t<img class=\"e-image-base e-9bf1354-7fae97b\" \n\t\t\t\t\tdata-interaction-id=\"9bf1354\" \n\t\t \n\t\t \n\t\t\t\t\t\t\t\t\tid=\"8308\"\n\t\t\t\t\t\t\t\t\t\t\t\tsrc=\"https:\/\/mediapeople.pl\/wp-content\/uploads\/2025\/12\/iwecan.png\"\n\t\t\t\t\t\t\t\t\t\t\t\twidth=\"300\"\n\t\t\t\t\t\t\t\t\t\t\t\theight=\"100\"\n\t\t\t\t\t\t\t\t\t\t\t\tsrcset=\"https:\/\/mediapeople.pl\/wp-content\/uploads\/2025\/12\/iwecan.png 300w, https:\/\/mediapeople.pl\/wp-content\/uploads\/2025\/12\/iwecan-18x6.png 18w\"\n\t\t\t\t\t\t\t\t\t\t\t\talt=\"\"\n\t\t\t\t\t\t\/>\n\t\t\t<div class=\"elementor-element elementor-element-19e808d e-grid e-con-full e-con e-child\" data-id=\"19e808d\" data-element_type=\"container\" data-e-type=\"container\">\n\t\t\t\t<div class=\"elementor-element elementor-element-72009be elementor-widget elementor-widget-shortcode\" data-id=\"72009be\" data-element_type=\"widget\" data-e-type=\"widget\" data-widget_type=\"shortcode.default\">\n\t\t\t\t\t\t\t<div class=\"elementor-shortcode\"><mapplic-map id=\"mapplic-8174\" data-json=\"{&quot;target&quot;:null,&quot;settings&quot;:{&quot;mapWidth&quot;:800,&quot;mapHeight&quot;:580,&quot;padding&quot;:40,&quot;zoom&quot;:true,&quot;hoverTooltip&quot;:true,&quot;maxZoom&quot;:6,&quot;layer&quot;:&quot;europe&quot;,&quot;layerSwitcher&quot;:&quot;top-right&quot;,&quot;resetButton&quot;:&quot;bottom-right&quot;,&quot;zoomButtons&quot;:&quot;bottom-right&quot;,&quot;extent&quot;:[-24.539906378999945,34.81500885600008,66.20953006356154,71.18036530200004],&quot;geo&quot;:false,&quot;primaryColor&quot;:&quot;#D8000D&quot;,&quot;theme&quot;:&quot;default&quot;,&quot;hoverAbout&quot;:true,&quot;mouseWheel&quot;:true,&quot;closeReset&quot;:true},&quot;layers&quot;:[{&quot;id&quot;:&quot;europe&quot;,&quot;name&quot;:&quot;Europe&quot;,&quot;file&quot;:&quot;https:\/\/mediapeople.pl\/wp-content\/plugins\/mapplic\/assets\/maps\/world\/EUROPE.svg&quot;}],&quot;locations&quot;:[{&quot;title&quot;:&quot;LT&quot;,&quot;type&quot;:&quot;hidden&quot;,&quot;id&quot;:&quot;LT&quot;,&quot;coord&quot;:[0.5337,0.556],&quot;zoom&quot;:7.3094,&quot;layer&quot;:&quot;europe&quot;},{&quot;title&quot;:&quot;AL&quot;,&quot;type&quot;:&quot;hidden&quot;,&quot;id&quot;:&quot;AL&quot;,&quot;coord&quot;:[0.4922,0.878],&quot;zoom&quot;:7.7066,&quot;layer&quot;:&quot;europe&quot;},{&quot;title&quot;:&quot; 99&quot;,&quot;type&quot;:&quot;hidden&quot;,&quot;id&quot;:&quot;-99&quot;,&quot;coord&quot;:[0.5002,0.8496],&quot;zoom&quot;:10.1808,&quot;layer&quot;:&quot;europe&quot;},{&quot;title&quot;:&quot;ME&quot;,&quot;type&quot;:&quot;hidden&quot;,&quot;id&quot;:&quot;ME&quot;,&quot;coord&quot;:[0.4838,0.8466],&quot;zoom&quot;:9.6186,&quot;layer&quot;:&quot;europe&quot;},{&quot;title&quot;:&quot;BA&quot;,&quot;type&quot;:&quot;hidden&quot;,&quot;id&quot;:&quot;BA&quot;,&quot;coord&quot;:[0.4649,0.8209],&quot;zoom&quot;:7.917,&quot;layer&quot;:&quot;europe&quot;},{&quot;title&quot;:&quot;SK&quot;,&quot;type&quot;:&quot;hidden&quot;,&quot;id&quot;:&quot;SK&quot;,&quot;coord&quot;:[0.4871,0.7164],&quot;zoom&quot;:8.878,&quot;layer&quot;:&quot;europe&quot;,&quot;hide&quot;:false},{&quot;title&quot;:&quot;MD&quot;,&quot;type&quot;:&quot;hidden&quot;,&quot;id&quot;:&quot;MD&quot;,&quot;coord&quot;:[0.5824,0.7548],&quot;zoom&quot;:7.3548,&quot;layer&quot;:&quot;europe&quot;},{&quot;title&quot;:&quot;UA&quot;,&quot;type&quot;:&quot;hidden&quot;,&quot;id&quot;:&quot;UA&quot;,&quot;coord&quot;:[0.6131,0.711],&quot;zoom&quot;:4.0276,&quot;layer&quot;:&quot;europe&quot;},{&quot;title&quot;:&quot;Argent Group&quot;,&quot;type&quot;:&quot;pulse&quot;,&quot;id&quot;:&quot;BG2&quot;,&quot;coord&quot;:[0.544,0.8456],&quot;zoom&quot;:7.6477,&quot;layer&quot;:&quot;europe&quot;,&quot;link&quot;:&quot;https:\/\/argentgroup.bg&quot;,&quot;about&quot;:&quot;Sofia&quot;,&quot;color&quot;:&quot;#494949&quot;,&quot;scale&quot;:0.5,&quot;more&quot;:&quot;www&quot;},{&quot;title&quot;:&quot;Walk&quot;,&quot;type&quot;:&quot;pulse&quot;,&quot;id&quot;:&quot;PL2&quot;,&quot;zoom&quot;:4.6933,&quot;layer&quot;:&quot;europe&quot;,&quot;about&quot;:&quot;Warsaw&quot;,&quot;color&quot;:&quot;#464646&quot;,&quot;coord&quot;:[0.5069,0.6247],&quot;link&quot;:&quot;https:\/\/walk.pl&quot;,&quot;more&quot;:&quot;www&quot;,&quot;style&quot;:&quot;subdivision&quot;,&quot;scale&quot;:0.5},{&quot;title&quot;:&quot;Ascanius Media&quot;,&quot;type&quot;:&quot;pulse&quot;,&quot;id&quot;:&quot;HR2&quot;,&quot;coord&quot;:[0.4544,0.7873],&quot;zoom&quot;:6.3729,&quot;layer&quot;:&quot;europe&quot;,&quot;link&quot;:&quot;https:\/\/ascaniusmedia.com&quot;,&quot;about&quot;:&quot;Zagreb&quot;,&quot;more&quot;:&quot;www&quot;,&quot;color&quot;:&quot;#464646&quot;,&quot;scale&quot;:0.5},{&quot;title&quot;:&quot;Direct Media&quot;,&quot;type&quot;:&quot;pulse&quot;,&quot;id&quot;:&quot;RS&quot;,&quot;coord&quot;:[0.5006,0.8146],&quot;zoom&quot;:6.5655,&quot;layer&quot;:&quot;europe&quot;,&quot;link&quot;:&quot;https:\/\/directmedia.biz&quot;,&quot;about&quot;:&quot;Belgrad&quot;,&quot;color&quot;:&quot;#464646&quot;,&quot;scale&quot;:0.4,&quot;more&quot;:&quot;www&quot;},{&quot;title&quot;:&quot;PINK MOON&quot;,&quot;type&quot;:&quot;pulse&quot;,&quot;id&quot;:&quot;HR&quot;,&quot;coord&quot;:[0.4444,0.7873],&quot;zoom&quot;:6.3729,&quot;layer&quot;:&quot;europe&quot;,&quot;about&quot;:&quot;Zagreb&quot;,&quot;more&quot;:&quot;www&quot;,&quot;color&quot;:&quot;#464646&quot;,&quot;scale&quot;:0.5},{&quot;title&quot;:&quot;Cafe Communiactions&quot;,&quot;type&quot;:&quot;pulse&quot;,&quot;id&quot;:&quot;HU&quot;,&quot;coord&quot;:[0.4849,0.7506],&quot;zoom&quot;:7.5718,&quot;layer&quot;:&quot;europe&quot;,&quot;link&quot;:&quot;https:\/\/cafecommunications.hu&quot;,&quot;about&quot;:&quot;Budapest&quot;,&quot;color&quot;:&quot;#464646&quot;,&quot;scale&quot;:0.5,&quot;more&quot;:&quot;www&quot;},{&quot;title&quot;:&quot;The Group&quot;,&quot;type&quot;:&quot;pulse&quot;,&quot;id&quot;:&quot;RO&quot;,&quot;coord&quot;:[0.5647,0.803],&quot;zoom&quot;:5.8961,&quot;layer&quot;:&quot;europe&quot;,&quot;color&quot;:&quot;#464646&quot;,&quot;link&quot;:&quot;http:\/\/thegroup.ro&quot;,&quot;scale&quot;:0.5,&quot;about&quot;:&quot;Bukarest&quot;,&quot;more&quot;:&quot;www&quot;},{&quot;title&quot;:&quot;Cafe Communiactions&quot;,&quot;type&quot;:&quot;pulse&quot;,&quot;id&quot;:&quot;BG&quot;,&quot;coord&quot;:[0.534,0.8456],&quot;zoom&quot;:7.6477,&quot;layer&quot;:&quot;europe&quot;,&quot;link&quot;:&quot;http:\/\/www.cafecommunications.bg&quot;,&quot;about&quot;:&quot;Sofia&quot;,&quot;color&quot;:&quot;#494949&quot;,&quot;scale&quot;:0.5,&quot;more&quot;:&quot;www&quot;},{&quot;title&quot;:&quot;Intense Media Baltic&quot;,&quot;type&quot;:&quot;pulse&quot;,&quot;id&quot;:&quot;LV&quot;,&quot;coord&quot;:[0.541,0.5099],&quot;zoom&quot;:7.3848,&quot;layer&quot;:&quot;europe&quot;,&quot;about&quot;:&quot;Riga&quot;,&quot;color&quot;:&quot;#494949&quot;,&quot;scale&quot;:0.5},{&quot;title&quot;:&quot;CAN.agency&quot;,&quot;type&quot;:&quot;pulse&quot;,&quot;id&quot;:&quot;CZ&quot;,&quot;coord&quot;:[0.4405,0.6902],&quot;zoom&quot;:7.8559,&quot;layer&quot;:&quot;europe&quot;,&quot;about&quot;:&quot;Praha &quot;,&quot;color&quot;:&quot;#494949&quot;,&quot;style&quot;:&quot;subdivision&quot;,&quot;link&quot;:&quot;https:\/\/canagency.cz&quot;,&quot;more&quot;:&quot;www&quot;,&quot;scale&quot;:0.5},{&quot;title&quot;:&quot;New Moment&quot;,&quot;type&quot;:&quot;pulse&quot;,&quot;id&quot;:&quot;MK&quot;,&quot;coord&quot;:[0.507,0.8648],&quot;zoom&quot;:10.0607,&quot;layer&quot;:&quot;europe&quot;,&quot;about&quot;:&quot;29 Noemvri 2G, Skopje, N. Macedonia&quot;,&quot;link&quot;:&quot;https:\/\/newmoment.mk\/&quot;,&quot;color&quot;:&quot;#494949&quot;,&quot;scale&quot;:0.5,&quot;more&quot;:&quot;www&quot;},{&quot;title&quot;:&quot;Media People Polska&quot;,&quot;type&quot;:&quot;pulse&quot;,&quot;id&quot;:&quot;PL&quot;,&quot;zoom&quot;:4.6933,&quot;layer&quot;:&quot;europe&quot;,&quot;image&quot;:&quot;https:\/\/mediapeople.pl\/wp-content\/uploads\/2025\/10\/cropped-sygnet.png&quot;,&quot;about&quot;:&quot;Dom Mediowy Warszawa&quot;,&quot;color&quot;:&quot;#464646&quot;,&quot;coord&quot;:[0.4969,0.6247],&quot;link&quot;:&quot;https:\/\/mediapeople.pl&quot;,&quot;more&quot;:&quot;www&quot;,&quot;style&quot;:&quot;subdivision&quot;}],&quot;samples&quot;:[{&quot;id&quot;:&quot;def&quot;,&quot;title&quot;:&quot;Region&quot;,&quot;style&quot;:&quot;subdivision&quot;,&quot;sample&quot;:true}],&quot;breakpoints&quot;:[{&quot;name&quot;:&quot;all-screens&quot;,&quot;below&quot;:9000,&quot;container&quot;:600},{&quot;name&quot;:&quot;mobile&quot;,&quot;below&quot;:480,&quot;portrait&quot;:true}],&quot;styles&quot;:[{&quot;class&quot;:&quot;subdivision&quot;,&quot;svg&quot;:true,&quot;marker&quot;:false,&quot;base-color&quot;:&quot;#D8000D&quot;,&quot;hover-color&quot;:&quot;#D8000D&quot;,&quot;active-color&quot;:&quot;#7e7e7e&quot;,&quot;active-stroke&quot;:&quot;#ffffff&quot;,&quot;base-stroke&quot;:&quot;#ffffff&quot;,&quot;hover-stroke&quot;:&quot;#ffffff&quot;}]}\" data-path=\"https:\/\/mediapeople.pl\/wp-content\/plugins\/mapplic\/\/core\/\"><\/mapplic-map><\/div>\n\t\t\t\t\t\t<\/div>\n\t\t\t\t<\/div>\n\t\t\t\t\t\t\t<h4 \n\t\tdata-interaction-id=\"ee9b08f\" \n\t\tclass=\"e-ee9b08f-6f48c86 e-heading-base\" \n\t\t \n\t\t\n\t>\n\t\n\t\t\tSIE\u0106 CEE\n\t\t<\/h4>\n\t\t\t\t\t\t\t\t<p class=\"e-50aa6c0-91b823f e-paragraph-base\" data-interaction-id=\"50aa6c0\"  >\n\t\t\t\t\t\t\t\tWE_CAN to sie\u0107 niesieciowych, lokalnych firm zajmuj\u0105cych si\u0119 szeroko poj\u0119tym marketingiem.\n\t\t\t\t\t<\/p>\n\t\t\t\t\t\t\t\t<p class=\"e-paragraph-base\" data-interaction-id=\"e7ad053\"  >\n\t\t\t\t\t\t\t\t\nGrupa operuje na\u00a015 rynkach Europy \u015arodkowo-Wschodniej, zajmuj\u0105c si\u0119 komplementarnymi us\u0142ugami poprzez dedykowane, wyspecjalizowane w\u00a0danych obszarach firmy. Zakres dzia\u0142a\u0144 grupy jest bardzo szeroki \u2013 od\u00a0doradztwa strategicznego, zintegrowanej komunikacji, planowania i\u00a0zakupu medi\u00f3w, kreacji, PR, event\u00f3w i wsparcia sprzeda\u017cy, po\u00a0produkcje filmowe, marketing mobilny, CSR i inne.\n\nDzi\u0119ki d\u0142ugoletniemu do\u015bwiadczeniu i znajomo\u015bci bran\u017cy, mo\u017cemy r\u00f3wnie\u017c realizowa\u0107 kampani\u0119 w wielu innych krajach, na wszystkich kontynentach.\n\t\t\t\t\t<\/p>\n\t\t<div class=\"elementor-element elementor-element-80b4c82 e-grid e-con-full e-con e-child\" data-id=\"80b4c82\" data-element_type=\"container\" data-e-type=\"container\">\n\t\t\t\t<div class=\"elementor-element elementor-element-0f19efc e-con e-atomic-element e-div-block-base\" data-id=\"0f19efc\" data-element_type=\"e-div-block\" data-e-type=\"e-div-block\" data-interaction-id=\"0f19efc\">\n\t\t\t\t<\/div>\n\t\t\t\t<\/div>\n\t\t\t\t\t\t\t<h4 \n\t\tdata-interaction-id=\"ae03c11\" \n\t\tclass=\"e-ae03c11-c1386d5 e-heading-base\" \n\t\t \n\t\t\n\t>\n\t\n\t\t\tBENEFIT\n\t\t<\/h4>\n\t\t\t\t\t\t\t\t<p class=\"e-4464629-feffd78 e-paragraph-base\" data-interaction-id=\"4464629\"  >\n\t\t\t\t\t\t\t\tJeden kontakt. 15 rynk\u00f3w. Nie mo\u017ce by\u0107 pro\u015bciej!\n\t\t\t\t\t<\/p>\n\t\t\t\t\t<\/div>\n\t\t\t\t<\/div>\n\t\t\t\t<\/div>\n\t\t<div class=\"elementor-element elementor-element-db0e069 e-flex e-con-boxed e-con e-parent\" data-id=\"db0e069\" data-element_type=\"container\" data-e-type=\"container\" data-settings=\"{&quot;background_background&quot;:&quot;classic&quot;}\">\n\t\t\t\t\t<div class=\"e-con-inner\">\n\t\t<div class=\"elementor-element elementor-element-a800ff4 e-con-full e-flex e-con e-child\" data-id=\"a800ff4\" data-element_type=\"container\" data-e-type=\"container\">\n\t\t\t\t<div class=\"elementor-element elementor-element-085c18f elementor-widget elementor-widget-growla_heading\" data-id=\"085c18f\" data-element_type=\"widget\" data-e-type=\"widget\" data-widget_type=\"growla_heading.default\">\n\t\t\t\t<div class=\"elementor-widget-container\">\n\t\t\t\t\t\t<div class=\"growla-heading\">\r\n        <h6 class=\"growla-heading--sub mini-heading-02\">\r\n\r\n                            \/\/                         \r\n        <\/h6>\r\n\r\n                    <div class=\"growla-heading--content\">\r\n                <p>Chcesz sprawdzi\u0107?<br \/><a title=\"Kontakt z Media People\" href=\"https:\/\/mediapeople.pl\/kontakt\/\"><strong>Skontaktuj si\u0119 z nami<\/strong><\/a><\/p>            <\/div>    \r\n            <\/div>\r\n\t\t\t\t\t<\/div>\n\t\t\t\t<\/div>\n\t\t\t\t<\/div>\n\t\t\t\t\t<\/div>\n\t\t\t\t<\/div>\n\t\t\t\t<\/div>\n\t\t","protected":false},"excerpt":{"rendered":"<p>Kampanie zagraniczne Dzia\u0142asz poza Polsk\u0105? Zapraszamy do wsp\u00f3\u0142pracy.Realizujemy kampanie na 15 rynkach. Mo\u017cemy by\u0107 partnerem koordynuj\u0105cym kampani\u0119 w regionie. Jest to mo\u017cliwe dzi\u0119ki przynale\u017cno\u015bci do elitarnej grupy WE_CAN. Nasi eksperci tworz\u0105 weKNOW. weKNOW to unikalna platforma, kt\u00f3ra obejmuje najbardziej kompleksowe dane i trendy konsumenckie rynk\u00f3w reklamowych regionu Europy \u015arodkowo-Wschodniej. Odkrywa, jak procesy polityczne, ekonomiczne i [&hellip;]<\/p>\n","protected":false},"author":1,"featured_media":0,"parent":0,"menu_order":0,"comment_status":"closed","ping_status":"closed","template":"","meta":{"_seopress_robots_primary_cat":"","_seopress_titles_title":"","_seopress_titles_desc":"","_seopress_robots_index":"","inline_featured_image":false,"footnotes":""},"class_list":["post-5594","page","type-page","status-publish","hentry"],"_links":{"self":[{"href":"https:\/\/mediapeople.pl\/de\/wp-json\/wp\/v2\/pages\/5594","targetHints":{"allow":["GET"]}}],"collection":[{"href":"https:\/\/mediapeople.pl\/de\/wp-json\/wp\/v2\/pages"}],"about":[{"href":"https:\/\/mediapeople.pl\/de\/wp-json\/wp\/v2\/types\/page"}],"author":[{"embeddable":true,"href":"https:\/\/mediapeople.pl\/de\/wp-json\/wp\/v2\/users\/1"}],"replies":[{"embeddable":true,"href":"https:\/\/mediapeople.pl\/de\/wp-json\/wp\/v2\/comments?post=5594"}],"version-history":[{"count":67,"href":"https:\/\/mediapeople.pl\/de\/wp-json\/wp\/v2\/pages\/5594\/revisions"}],"predecessor-version":[{"id":8387,"href":"https:\/\/mediapeople.pl\/de\/wp-json\/wp\/v2\/pages\/5594\/revisions\/8387"}],"wp:attachment":[{"href":"https:\/\/mediapeople.pl\/de\/wp-json\/wp\/v2\/media?parent=5594"}],"curies":[{"name":"wp","href":"https:\/\/api.w.org\/{rel}","templated":true}]}}