{"id":2011,"date":"2024-04-17T04:13:51","date_gmt":"2024-04-17T04:13:51","guid":{"rendered":"https:\/\/gfxpartner.com\/growla-4\/?page_id=2011"},"modified":"2026-05-07T18:05:15","modified_gmt":"2026-05-07T16:05:15","slug":"who-we-are","status":"publish","type":"page","link":"https:\/\/mediapeople.pl\/en\/kim-jestesmy\/","title":{"rendered":"Who are we?"},"content":{"rendered":"<div data-elementor-type=\"wp-page\" data-elementor-id=\"2011\" class=\"elementor elementor-2011\" data-elementor-post-type=\"page\">\n\t\t\t\t<div class=\"elementor-element elementor-element-07f9718 e-con-full e-flex e-con e-parent\" data-id=\"07f9718\" data-element_type=\"container\" data-e-type=\"container\" data-settings=\"{&quot;background_background&quot;:&quot;classic&quot;}\">\n\t\t<div class=\"elementor-element elementor-element-b9282fd e-flex e-con-boxed e-con e-child\" data-id=\"b9282fd\" data-element_type=\"container\" data-e-type=\"container\">\n\t\t\t\t\t<div class=\"e-con-inner\">\n\t\t\t\t<div class=\"elementor-element elementor-element-8362327 elementor-widget__width-initial elementor-widget-tablet__width-inherit elementor-widget elementor-widget-growla_heading\" data-id=\"8362327\" data-element_type=\"widget\" data-e-type=\"widget\" data-widget_type=\"growla_heading.default\">\n\t\t\t\t<div class=\"elementor-widget-container\">\n\t\t\t\t\t\t<div class=\"growla-heading\">\r\n        <h1 class=\"growla-heading--sub mini-heading-02\">\r\n\r\n                            Who are we?                        \r\n        <\/h1>\r\n\r\n                    <div class=\"growla-heading--content\">\r\n                <p>We create a community <strong>of experienced media<\/strong>, marketing, and business experts.<\/p>            <\/div>    \r\n            <\/div>\r\n\t\t\t\t\t<\/div>\n\t\t\t\t<\/div>\n\t\t\t\t\t\t\t<h4 \n\t\tdata-interaction-id=\"b0da82c\" \n\t\tclass=\"e-b0da82c-9e5e8b5 e-heading-base\" \n\t\t \n\t\t\n\t>\n\t\n\t\t\tHow We Work\n\t\t<\/h4>\n\t\t\t\t\t\t\t\t<p class=\"e-eb35b69-c9fa5ed e-paragraph-base\" data-interaction-id=\"eb35b69\"  >\n\t\t\t\t\t\t\t\tWe deliver effective campaigns by taking a broader view of our clients and preparing the entire organisation to optimise sales performance in connection with each campaign.\n\t\t\t\t\t<\/p>\n\t\t\t\t\t\t\t\t<p class=\"e-9fb5ff8-fa0fe2a e-paragraph-base\" data-interaction-id=\"9fb5ff8\"  >\n\t\t\t\t\t\t\t\tWe believe that even the best-prepared campaign will be ineffective or underperform if other areas of the business are not properly prepared.\nOur clients\u2019 campaigns are delivered in an integrated and strategic way. We ensure high-quality execution across every communication channel. We create communication strategies based on key audience touchpoints, consumer insights, and messaging tailored to individual segments.\nWe specialise in working with small and medium-sized businesses, providing them with access to experienced, hands-on experts who have spent years in key roles with international and Polish brands.\nOur overarching value is 360\u00b0 thinking.\n\t\t\t\t\t<\/p>\n\t\t\t\t\t\t\t<h4 \n\t\tdata-interaction-id=\"00b560e\" \n\t\tclass=\"e-00b560e-594d6cf e-heading-base\" \n\t\t \n\t\t\n\t>\n\t\n\t\t\tExperience\n\t\t<\/h4>\n\t\t\t\t\t\t\t\t<p class=\"e-334ef15-f639901 e-paragraph-base\" data-interaction-id=\"334ef15\"  >\n\t\t\t\t\t\t\t\tWe have been working in the industry since its very beginning.\n\t\t\t\t\t<\/p>\n\t\t\t\t\t\t\t\t<p class=\"e-2b15743-d073299 e-paragraph-base\" data-interaction-id=\"2b15743\"  >\n\t\t\t\t\t\t\t\tWe know the industry inside out, thanks to many years of experience in key positions at the largest media companies and global media agencies.\nToday, we are the Media People community, offering more than just traditional media agency services.\nContact us!\n\t\t\t\t\t<\/p>\n\t\t\t\t\t<\/div>\n\t\t\t\t<\/div>\n\t\t\t\t<\/div>\n\t\t<div class=\"elementor-element elementor-element-9ce4f7c e-flex e-con-boxed e-con e-parent\" data-id=\"9ce4f7c\" data-element_type=\"container\" data-e-type=\"container\" data-settings=\"{&quot;background_background&quot;:&quot;classic&quot;}\">\n\t\t\t\t\t<div class=\"e-con-inner\">\n\t\t<div class=\"elementor-element elementor-element-c7bf9aa e-con-full e-flex e-con e-child\" data-id=\"c7bf9aa\" data-element_type=\"container\" data-e-type=\"container\">\n\t\t\t\t<div class=\"elementor-element elementor-element-727caa5 elementor-widget elementor-widget-growla_heading\" data-id=\"727caa5\" data-element_type=\"widget\" data-e-type=\"widget\" data-widget_type=\"growla_heading.default\">\n\t\t\t\t<div class=\"elementor-widget-container\">\n\t\t\t\t\t\t<div class=\"growla-heading\">\r\n        <h6 class=\"growla-heading--sub mini-heading-02\">\r\n\r\n                            \/\/                         \r\n        <\/h6>\r\n\r\n                    <div class=\"growla-heading--content\">\r\n                <p><b>360\u00b0 thinking is the core value of our work.<\/b><\/p>            <\/div>    \r\n            <\/div>\r\n\t\t\t\t\t<\/div>\n\t\t\t\t<\/div>\n\t\t\t\t<\/div>\n\t\t\t\t\t<\/div>\n\t\t\t\t<\/div>\n\t\t\t\t<\/div>","protected":false},"excerpt":{"rendered":"<p>Kim jeste\u015bmy? Tworzymy spo\u0142eczno\u015b\u0107 do\u015bwiadczonych ekspert\u00f3w mediowych,\u00a0marketingowych oraz biznesowych. Jak pracujemy Realizujemy skuteczne kampanie dzi\u0119ki szerszemu spojrzeniu na klienta i przygotowaniu ca\u0142ego przedsi\u0119biorstwa do optymalizacji wynik\u00f3w sprzeda\u017cy w zwi\u0105zku z kampani\u0105. S\u0105dzimy bowiem, \u017ce nawet najlepiej przygotowana kampania, b\u0119dzie nieskuteczna lub niewystarczaj\u0105co dobra, je\u015bli inne obszary dzia\u0142ania przedsi\u0119biorstwa nie s\u0105 do niej przygotowane. Kampanie naszych [&hellip;]<\/p>\n","protected":false},"author":1,"featured_media":0,"parent":0,"menu_order":0,"comment_status":"closed","ping_status":"closed","template":"","meta":{"_seopress_robots_primary_cat":"","_seopress_titles_title":"Kim jeste\u015bmy? - Media People","_seopress_titles_desc":"Media People to zesp\u00f3\u0142 ekspert\u00f3w mediowych, marketingowych i biznesowych. \u0141\u0105czymy do\u015bwiadczenie, technologi\u0119 i partnerskie podej\u015bcie do wsp\u00f3\u0142pracy.","_seopress_robots_index":"","inline_featured_image":false,"footnotes":""},"class_list":["post-2011","page","type-page","status-publish","hentry"],"_links":{"self":[{"href":"https:\/\/mediapeople.pl\/en\/wp-json\/wp\/v2\/pages\/2011","targetHints":{"allow":["GET"]}}],"collection":[{"href":"https:\/\/mediapeople.pl\/en\/wp-json\/wp\/v2\/pages"}],"about":[{"href":"https:\/\/mediapeople.pl\/en\/wp-json\/wp\/v2\/types\/page"}],"author":[{"embeddable":true,"href":"https:\/\/mediapeople.pl\/en\/wp-json\/wp\/v2\/users\/1"}],"replies":[{"embeddable":true,"href":"https:\/\/mediapeople.pl\/en\/wp-json\/wp\/v2\/comments?post=2011"}],"version-history":[{"count":42,"href":"https:\/\/mediapeople.pl\/en\/wp-json\/wp\/v2\/pages\/2011\/revisions"}],"predecessor-version":[{"id":8378,"href":"https:\/\/mediapeople.pl\/en\/wp-json\/wp\/v2\/pages\/2011\/revisions\/8378"}],"wp:attachment":[{"href":"https:\/\/mediapeople.pl\/en\/wp-json\/wp\/v2\/media?parent=2011"}],"curies":[{"name":"wp","href":"https:\/\/api.w.org\/{rel}","templated":true}]}}