{"id":4599,"date":"2025-10-07T11:34:31","date_gmt":"2025-10-07T09:34:31","guid":{"rendered":"https:\/\/mediapeople.pl\/careers-2\/"},"modified":"2026-05-07T18:08:58","modified_gmt":"2026-05-07T16:08:58","slug":"job-offers","status":"publish","type":"page","link":"https:\/\/mediapeople.pl\/en\/oferty-pracy\/","title":{"rendered":"Job opportunities"},"content":{"rendered":"<div data-elementor-type=\"wp-page\" data-elementor-id=\"4599\" class=\"elementor elementor-4599\" data-elementor-post-type=\"page\">\n\t\t\t\t<div class=\"elementor-element elementor-element-2bb9f969 e-flex e-con-boxed e-con e-parent\" data-id=\"2bb9f969\" data-element_type=\"container\" data-e-type=\"container\" data-settings=\"{&quot;background_background&quot;:&quot;classic&quot;}\">\n\t\t\t\t\t<div class=\"e-con-inner\">\n\t\t\t\t<div class=\"elementor-element elementor-element-3a940824 elementor-widget elementor-widget-growla_heading\" data-id=\"3a940824\" data-element_type=\"widget\" data-e-type=\"widget\" data-widget_type=\"growla_heading.default\">\n\t\t\t\t<div class=\"elementor-widget-container\">\n\t\t\t\t\t\t<div class=\"growla-heading\">\r\n        <h1 class=\"growla-heading--sub mini-heading-02\">\r\n\r\n                            Job opportunities                        \r\n        <\/h1>\r\n\r\n                    <div class=\"growla-heading--content\">\r\n                <p>Current Job Openings<\/p>            <\/div>    \r\n            <\/div>\r\n\t\t\t\t\t<\/div>\n\t\t\t\t<\/div>\n\t\t<div class=\"elementor-element elementor-element-317e4592 e-con-full e-flex e-con e-child\" data-id=\"317e4592\" data-element_type=\"container\" data-e-type=\"container\">\n\t\t\t\t<div class=\"elementor-element elementor-element-4edeab00 elementor-widget elementor-widget-growla_collapse_tab\" data-id=\"4edeab00\" data-element_type=\"widget\" data-e-type=\"widget\" data-widget_type=\"growla_collapse_tab.default\">\n\t\t\t\t<div class=\"elementor-widget-container\">\n\t\t\t\t\t    <div class=\"growla-collapse\">\r\n        <div class=\"growla-collapse-inner\">\r\n                        <h3 class=\"growla-collapse-heading\">\r\n                MEDIA ASSISTANT            <\/h3>\r\n            \r\n                        <h6>\r\n                Location: Warsaw            <\/h6>\r\n            \r\n            <div class=\"growla-collapse-content-wrapper\">\r\n                <div class=\"growla-collapse-excerpt\">\r\n                    <p>Supporting the team in media planning and buying, and in campaign execution and billing....<\/p>                <\/div>\r\n\r\n                <div class=\"growla-collapse-content\">\r\n                    <p>REQUIREMENTS<br \/>Practical computer skills, especially in MS Office, with strong proficiency in Excel and PowerPoint<\/p><p>Interest in the online advertising market<\/p><p>Ability to work independently, excellent organisational skills, and a team-oriented mindset<\/p><p>What matters more than experience: a positive attitude, openness to learning, creative thinking, and strong interpersonal skills<\/p><p>NICE TO HAVE<br \/>Communicative level of English, both spoken and written<\/p><p>RESPONSIBILITIES<br \/>Supporting the team in media planning and buying, as well as in campaign execution and settlement<br \/>Monitoring campaigns and preparing analyses and reports on performance, market trends and competitors<br \/>Contact with publishers, media space pricing, quality control of advertising materials, and coordination of simple advertising campaigns<\/p><p>Apply by sending your CV to: <a href=\"mailto:kontakt@mediapeople.pl\">kontakt@mediapeople.pl<\/a><\/p>                <\/div>\r\n            <\/div>\r\n        <\/div>\r\n\r\n                <div class=\"growla-collapse-icon\">\r\n                        <div class=\"normal-icon\">\r\n                <svg aria-hidden=\"true\" class=\"e-font-icon-svg e-fas-arrow-down\" viewbox=\"0 0 448 512\" xmlns=\"http:\/\/www.w3.org\/2000\/svg\"><path d=\"M413.1 222.5l22.2 22.2c9.4 9.4 9.4 24.6 0 33.9L241 473c-9.4 9.4-24.6 9.4-33.9 0L12.7 278.6c-9.4-9.4-9.4-24.6 0-33.9l22.2-22.2c9.5-9.5 25-9.3 34.3.4L184 343.4V56c0-13.3 10.7-24 24-24h32c13.3 0 24 10.7 24 24v287.4l114.8-120.5c9.3-9.8 24.8-10 34.3-.4z\"><\/path><\/svg>            <\/div>\r\n                                    <div class=\"active-icon\">\r\n                            <\/div>\r\n                    <\/div>\r\n            <\/div>\r\n    \t\t\t\t<\/div>\n\t\t\t\t<\/div>\n\t\t\t\t<div class=\"elementor-element elementor-element-17d93963 elementor-widget elementor-widget-growla_collapse_tab\" data-id=\"17d93963\" data-element_type=\"widget\" data-e-type=\"widget\" data-widget_type=\"growla_collapse_tab.default\">\n\t\t\t\t<div class=\"elementor-widget-container\">\n\t\t\t\t\t    <div class=\"growla-collapse\">\r\n        <div class=\"growla-collapse-inner\">\r\n                        <h3 class=\"growla-collapse-heading\">\r\n                Digital Media Manager            <\/h3>\r\n            \r\n                        <h6>\r\n                Location: Warsaw            <\/h6>\r\n            \r\n            <div class=\"growla-collapse-content-wrapper\">\r\n                <div class=\"growla-collapse-excerpt\">\r\n                    <p class=\"page-content\">RESPONSIBILITIES<br \/>Independent and comprehensive development of digital strategies and recommendations<\/p>                <\/div>\r\n\r\n                <div class=\"growla-collapse-content\">\r\n                    <p>RESPONSIBILITIES<\/p><ul><li><p>Independent and comprehensive development of digital strategies and recommendations<\/p><\/li><li><p>Participation in tenders and new business projects<\/p><\/li><li><p>Cooperation with clients, publishers and subcontractors, including building day-to-day relationships and organising and moderating meetings<\/p><\/li><li>\u00a0<\/li><\/ul><p>REQUIREMENTS<\/p><ul><li><p>Experience in a similar role<\/p><\/li><li><p>Strong analytical skills and the ability to formulate clear conclusions and recommendations<\/p><\/li><li><p>Ability to prepare and present offers in PowerPoint and Excel<\/p><\/li><li><p>Ability to analyse results and optimise online campaigns<\/p><\/li><li><p>Negotiation skills<\/p><\/li><li><p>Creative thinking and the ability to convince others of your ideas<\/p><\/li><li><p>Communicative level of English<\/p><\/li><li>\u00a0<\/li><\/ul><p>NICE TO HAVE<\/p><ul><li><p>Experience in running e-commerce advertising campaigns and knowledge of the programmatic ecosystem<\/p><\/li><li><p>Familiarity with tools such as DV360, AdForm, DoubleClick Campaign Manager, gDE, Google Analytics and Google Tag Manager<\/p><\/li><li>\u00a0<\/li><\/ul><p>WE OFFER<\/p><ul><li><p>Flexible choice of employment type<\/p><\/li><li><p>Salary aligned with your skills and experience<\/p><\/li><li><p>Additional performance-based bonuses<\/p><\/li><li><p>Hybrid work model<\/p><\/li><li><p>Individually tailored training and development<\/p><\/li><li><p>Convenient office location in Mokot\u00f3w, right next to the metro station<\/p><\/li><li><p>Friendly, close-knit team culture<\/p><\/li><li><p>Great coffee, loose-leaf tea and healthy sweet treats<\/p><\/li><\/ul><p>\u00a0<\/p><p>Apply by sending your CV to: <a href=\"mailto:kontakt@mediapeople.pl\">kontakt@mediapeople.pl<\/a><\/p>                <\/div>\r\n            <\/div>\r\n        <\/div>\r\n\r\n                <div class=\"growla-collapse-icon\">\r\n                        <div class=\"normal-icon\">\r\n                <svg aria-hidden=\"true\" class=\"e-font-icon-svg e-fas-arrow-down\" viewbox=\"0 0 448 512\" xmlns=\"http:\/\/www.w3.org\/2000\/svg\"><path d=\"M413.1 222.5l22.2 22.2c9.4 9.4 9.4 24.6 0 33.9L241 473c-9.4 9.4-24.6 9.4-33.9 0L12.7 278.6c-9.4-9.4-9.4-24.6 0-33.9l22.2-22.2c9.5-9.5 25-9.3 34.3.4L184 343.4V56c0-13.3 10.7-24 24-24h32c13.3 0 24 10.7 24 24v287.4l114.8-120.5c9.3-9.8 24.8-10 34.3-.4z\"><\/path><\/svg>            <\/div>\r\n                                    <div class=\"active-icon\">\r\n                            <\/div>\r\n                    <\/div>\r\n            <\/div>\r\n    \t\t\t\t<\/div>\n\t\t\t\t<\/div>\n\t\t\t\t<\/div>\n\t\t\t\t\t<\/div>\n\t\t\t\t<\/div>\n\t\t\t\t<\/div>","protected":false},"excerpt":{"rendered":"<p>Oferty pracy Aktualne rekrutacje MEDIA ASSISTANT Miejsce pracy: Warszawa Wsparcie teamu w planowaniu i zakupie medi\u00f3w, oraz w realizacji i rozliczaniu kampanii&#8230;. OCZEKIWANIAPraktyczna umiej\u0119tno\u015b\u0107 obs\u0142ugi komputera w zakresie MS Office, w szczeg\u00f3lno\u015bci Excel i Power Point. Zainteresowanie rynkiem reklamy internetowej. Umiej\u0119tno\u015bci samodzielnego dzia\u0142ania, doskona\u0142ej organizacji pracy i wsp\u00f3\u0142pracy w Zespole. Wa\u017cniejsze ni\u017c do\u015bwiadczenie zawodowe s\u0105 [&hellip;]<\/p>\n","protected":false},"author":1,"featured_media":0,"parent":0,"menu_order":0,"comment_status":"closed","ping_status":"closed","template":"","meta":{"_seopress_robots_primary_cat":"","_seopress_titles_title":"Oferty pracy - Media People","_seopress_titles_desc":"Sprawd\u017a aktualne oferty pracy w Media People. Do\u0142\u0105cz do zespo\u0142u ekspert\u00f3w mediowych, marketingowych i biznesowych i rozwijaj swoj\u0105 karier\u0119 w domu mediowym.","_seopress_robots_index":"","inline_featured_image":false,"footnotes":""},"class_list":["post-4599","page","type-page","status-publish","hentry"],"_links":{"self":[{"href":"https:\/\/mediapeople.pl\/en\/wp-json\/wp\/v2\/pages\/4599","targetHints":{"allow":["GET"]}}],"collection":[{"href":"https:\/\/mediapeople.pl\/en\/wp-json\/wp\/v2\/pages"}],"about":[{"href":"https:\/\/mediapeople.pl\/en\/wp-json\/wp\/v2\/types\/page"}],"author":[{"embeddable":true,"href":"https:\/\/mediapeople.pl\/en\/wp-json\/wp\/v2\/users\/1"}],"replies":[{"embeddable":true,"href":"https:\/\/mediapeople.pl\/en\/wp-json\/wp\/v2\/comments?post=4599"}],"version-history":[{"count":7,"href":"https:\/\/mediapeople.pl\/en\/wp-json\/wp\/v2\/pages\/4599\/revisions"}],"predecessor-version":[{"id":8390,"href":"https:\/\/mediapeople.pl\/en\/wp-json\/wp\/v2\/pages\/4599\/revisions\/8390"}],"wp:attachment":[{"href":"https:\/\/mediapeople.pl\/en\/wp-json\/wp\/v2\/media?parent=4599"}],"curies":[{"name":"wp","href":"https:\/\/api.w.org\/{rel}","templated":true}]}}