{"id":5478,"date":"2025-10-22T12:05:50","date_gmt":"2025-10-22T10:05:50","guid":{"rendered":"https:\/\/mediapeople.pl\/?page_id=5478"},"modified":"2026-05-07T18:05:36","modified_gmt":"2026-05-07T16:05:36","slug":"mission","status":"publish","type":"page","link":"https:\/\/mediapeople.pl\/en\/misja\/","title":{"rendered":"Mission"},"content":{"rendered":"<div data-elementor-type=\"wp-page\" data-elementor-id=\"5478\" class=\"elementor elementor-5478\" data-elementor-post-type=\"page\">\n\t\t\t\t<div class=\"elementor-element elementor-element-1c9244c e-con-full e-flex e-con e-parent\" data-id=\"1c9244c\" data-element_type=\"container\" data-e-type=\"container\" data-settings=\"{&quot;background_background&quot;:&quot;classic&quot;}\">\n\t\t<div class=\"elementor-element elementor-element-b228b23 e-flex e-con-boxed e-con e-child\" data-id=\"b228b23\" data-element_type=\"container\" data-e-type=\"container\">\n\t\t\t\t\t<div class=\"e-con-inner\">\n\t\t\t\t<div class=\"elementor-element elementor-element-dc8c9ce elementor-widget__width-initial elementor-widget-tablet__width-inherit elementor-widget elementor-widget-growla_heading\" data-id=\"dc8c9ce\" data-element_type=\"widget\" data-e-type=\"widget\" data-widget_type=\"growla_heading.default\">\n\t\t\t\t<div class=\"elementor-widget-container\">\n\t\t\t\t\t\t<div class=\"growla-heading\">\r\n        <h1 class=\"growla-heading--sub mini-heading-02\">\r\n\r\n                            Nasza Misja                        \r\n        <\/h1>\r\n\r\n                    <div class=\"growla-heading--content\">\r\n                <p>To create a democratic, continuously learning community of experts who find deep meaning in what they do.<\/p>            <\/div>    \r\n            <\/div>\r\n\t\t\t\t\t<\/div>\n\t\t\t\t<\/div>\n\t\t\t\t\t\t\t<h4 \n\t\tdata-interaction-id=\"672889e\" \n\t\tclass=\"e-672889e-1dcd17e e-heading-base\" \n\t\t \n\t\t\n\t>\n\t\n\t\t\tIdea\n\t\t<\/h4>\n\t\t\t\t\t\t\t\t<p class=\"e-859949a-48e3cfd e-paragraph-base\" data-interaction-id=\"859949a\"  >\n\t\t\t\t\t\t\t\tSupporting SMEs with the expertise of highly qualified specialists previously unavailable to this sector.\n\t\t\t\t\t<\/p>\n\t\t\t\t\t\t\t\t<p class=\"e-paragraph-base\" data-interaction-id=\"b144983\"  >\n\t\t\t\t\t\t\t\tSupporting Polish business as a local company built entirely on Polish capital, strengthened by many years of experience gained in international corporations.\nDelivering effective advertising campaigns through fully integrated actions across the entire organisation \u2013 before, during, and after each campaign.\n\t\t\t\t\t<\/p>\n\t\t\t\t\t\t\t<h4 \n\t\tdata-interaction-id=\"e232f54\" \n\t\tclass=\"e-e232f54-a4e2c90 e-heading-base\" \n\t\t \n\t\t\n\t>\n\t\n\t\t\tUniqueness\n\t\t<\/h4>\n\t\t\t\t\t\t\t\t<p class=\"e-1c11502-5711dc2 e-paragraph-base\" data-interaction-id=\"1c11502\"  >\n\t\t\t\t\t\t\t\tMedia People builds a community of experienced media, marketing, and business experts.\n\t\t\t\t\t<\/p>\n\t\t\t\t\t\t\t\t<p class=\"e-paragraph-base\" data-interaction-id=\"c3b7880\"  >\n\t\t\t\t\t\t\t\tWe deliver effective campaigns thanks to a broader understanding of our clients and by preparing the entire organisation to maximise sales performance in connection with the campaign.\n\nWe believe that even the best-designed campaign will be ineffective or underperform if other areas of the business are not properly prepared.\n\nOur clients\u2019 campaigns are executed in an integrated and strategic way. We ensure high-quality execution across every communication channel.\n\t\t\t\t\t<\/p>\n\t\t\t\t<div class=\"elementor-element elementor-element-48743c6 elementor-widget elementor-widget-growla_button\" data-id=\"48743c6\" data-element_type=\"widget\" data-e-type=\"widget\" data-widget_type=\"growla_button.default\">\n\t\t\t\t<div class=\"elementor-widget-container\">\n\t\t\t\t\t    <a href=\"\/mediapeople\/kim-jestesmy\/\" class=\"growla-button growla-button-icon-hover\">\r\n        <span>Who are we?<\/span>\r\n        \r\n                    <span class=\"icon\">\r\n                <svg xmlns=\"http:\/\/www.w3.org\/2000\/svg\" viewbox=\"0 0 24 24\"><path d=\"M4,11V13H16L10.5,18.5L11.92,19.92L19.84,12L11.92,4.08L10.5,5.5L16,11H4Z\"><\/path><\/svg>            <\/span>\r\n            <\/a>\r\n    \t\t\t\t<\/div>\n\t\t\t\t<\/div>\n\t\t\t\t\t<\/div>\n\t\t\t\t<\/div>\n\t\t\t\t<\/div>\n\t\t<div class=\"elementor-element elementor-element-9ce4f7c e-flex e-con-boxed e-con e-parent\" data-id=\"9ce4f7c\" data-element_type=\"container\" data-e-type=\"container\" data-settings=\"{&quot;background_background&quot;:&quot;classic&quot;}\">\n\t\t\t\t\t<div class=\"e-con-inner\">\n\t\t<div class=\"elementor-element elementor-element-c7bf9aa e-con-full e-flex e-con e-child\" data-id=\"c7bf9aa\" data-element_type=\"container\" data-e-type=\"container\">\n\t\t\t\t<div class=\"elementor-element elementor-element-727caa5 elementor-widget elementor-widget-growla_heading\" data-id=\"727caa5\" data-element_type=\"widget\" data-e-type=\"widget\" data-widget_type=\"growla_heading.default\">\n\t\t\t\t<div class=\"elementor-widget-container\">\n\t\t\t\t\t\t<div class=\"growla-heading\">\r\n        <h6 class=\"growla-heading--sub mini-heading-02\">\r\n\r\n                            \/\/                         \r\n        <\/h6>\r\n\r\n                    <div class=\"growla-heading--content\">\r\n                <h3>We build a human-centred organisation powered by highly qualified experts, partnering with companies that believe in the same values: partnership, expertise, integrity, continuous learning, and growth.<\/h3>            <\/div>    \r\n            <\/div>\r\n\t\t\t\t\t<\/div>\n\t\t\t\t<\/div>\n\t\t\t\t<\/div>\n\t\t\t\t\t<\/div>\n\t\t\t\t<\/div>\n\t\t\t\t<\/div>","protected":false},"excerpt":{"rendered":"<p>Nasza Misja Tworzy\u0107 demokratyczn\u0105, stale ucz\u0105c\u0105 si\u0119 spo\u0142eczno\u015b\u0107 ekspert\u00f3w, kt\u00f3rzy czuj\u0105 g\u0142\u0119boki sens tego co robi\u0105. Idea Wspieranie firm z grupy M\u015aP wiedz\u0105 wysoko wykwalifikowanych specjalist\u00f3w, dotychczas niedost\u0119pnych temu sektorowi. Wspieranie polskiego biznesu przez lokaln\u0105 firm\u0119 z wy\u0142\u0105cznie polskim kapita\u0142em, ale z wieloletnim do\u015bwiadczeniem nabytym r\u00f3wnie\u017c w mi\u0119dzynarodowych korporacjach. Realizacja skutecznych kampanii reklamowych dzi\u0119ki zintegrowanym [&hellip;]<\/p>\n","protected":false},"author":1,"featured_media":0,"parent":0,"menu_order":0,"comment_status":"closed","ping_status":"closed","template":"","meta":{"_seopress_robots_primary_cat":"","_seopress_titles_title":"Misja - Media People","_seopress_titles_desc":"Poznaj misj\u0119 Media People. Wierzymy w odpowiedzialne planowanie komunikacji, skuteczny dob\u00f3r medi\u00f3w i partnersk\u0105 wsp\u00f3\u0142prac\u0119 opart\u0105 na zaufaniu.","_seopress_robots_index":"","inline_featured_image":false,"footnotes":""},"class_list":["post-5478","page","type-page","status-publish","hentry"],"_links":{"self":[{"href":"https:\/\/mediapeople.pl\/en\/wp-json\/wp\/v2\/pages\/5478","targetHints":{"allow":["GET"]}}],"collection":[{"href":"https:\/\/mediapeople.pl\/en\/wp-json\/wp\/v2\/pages"}],"about":[{"href":"https:\/\/mediapeople.pl\/en\/wp-json\/wp\/v2\/types\/page"}],"author":[{"embeddable":true,"href":"https:\/\/mediapeople.pl\/en\/wp-json\/wp\/v2\/users\/1"}],"replies":[{"embeddable":true,"href":"https:\/\/mediapeople.pl\/en\/wp-json\/wp\/v2\/comments?post=5478"}],"version-history":[{"count":39,"href":"https:\/\/mediapeople.pl\/en\/wp-json\/wp\/v2\/pages\/5478\/revisions"}],"predecessor-version":[{"id":8375,"href":"https:\/\/mediapeople.pl\/en\/wp-json\/wp\/v2\/pages\/5478\/revisions\/8375"}],"wp:attachment":[{"href":"https:\/\/mediapeople.pl\/en\/wp-json\/wp\/v2\/media?parent=5478"}],"curies":[{"name":"wp","href":"https:\/\/api.w.org\/{rel}","templated":true}]}}