{"id":2011,"date":"2024-04-17T04:13:51","date_gmt":"2024-04-17T04:13:51","guid":{"rendered":"https:\/\/gfxpartner.com\/growla-4\/?page_id=2011"},"modified":"2025-12-03T04:04:39","modified_gmt":"2025-12-03T03:04:39","slug":"quienes-somos","status":"publish","type":"page","link":"https:\/\/mediapeople.pl\/es\/quienes-somos\/","title":{"rendered":"\u00bfQui\u00e9nes somos?"},"content":{"rendered":"<div data-elementor-type=\"wp-page\" data-elementor-id=\"2011\" class=\"elementor elementor-2011\" data-elementor-post-type=\"page\">\n\t\t\t\t<div class=\"elementor-element elementor-element-07f9718 e-con-full e-flex e-con e-parent\" data-id=\"07f9718\" data-element_type=\"container\" data-settings=\"{&quot;background_background&quot;:&quot;classic&quot;}\">\n\t\t<div class=\"elementor-element elementor-element-b9282fd e-flex e-con-boxed e-con e-child\" data-id=\"b9282fd\" data-element_type=\"container\">\n\t\t\t\t\t<div class=\"e-con-inner\">\n\t\t\t\t<div class=\"elementor-element elementor-element-8362327 elementor-widget__width-initial elementor-widget-tablet__width-inherit elementor-widget elementor-widget-growla_heading\" data-id=\"8362327\" data-element_type=\"widget\" data-widget_type=\"growla_heading.default\">\n\t\t\t\t<div class=\"elementor-widget-container\">\n\t\t\t\t\t\t<div class=\"growla-heading\">\r\n        <h6 class=\"growla-heading--sub mini-heading-02\">\r\n\r\n                            \/\/ \u00bfQui\u00e9nes somos?                        \r\n        <\/h6>\r\n\r\n                    <div class=\"growla-heading--content\">\r\n                <p>Estamos creando una comunidad <strong>expertos en medios de comunicaci\u00f3n<\/strong>,marketing y negocios.<\/p>            <\/div>    \r\n            <\/div>\r\n\t\t\t\t\t<\/div>\n\t\t\t\t<\/div>\n\t\t\t\t\t\t\t<h4 class=\"e-b0da82c-9e5e8b5 e-heading-base\"  >\n\t\t\tC\u00f3mo trabajamos\n\t\t<\/h4>\n\t\t\t\t\t\t\t\t<p class=\"e-eb35b69-c9fa5ed e-paragraph-base\"  >\n\t\t\t\t\t\t\t\t\t\tPonemos en marcha campa\u00f1as de \u00e9xito adoptando una visi\u00f3n m\u00e1s amplia del cliente y preparando a toda la empresa para optimizar el rendimiento de las ventas en relaci\u00f3n con la campa\u00f1a.\n\t\t\t\t\t\t<\/p>\n\t\t\t\t\t\t\t\t<p class=\"e-9fb5ff8-fa0fe2a e-paragraph-base\"  >\n\t\t\t\t\t\t\t\t\t\tEsto se debe a que creemos que incluso la campa\u00f1a mejor preparada ser\u00e1 ineficaz o no lo suficientemente buena si otras \u00e1reas de la empresa no est\u00e1n preparadas para ella.\n\nLas campa\u00f1as de nuestros clientes se ejecutan de forma integrada y estrat\u00e9gica.  Somos capaces de garantizar una muy buena ejecuci\u00f3n del plan en todos los canales de comunicaci\u00f3n. Desarrollamos estrategias de comunicaci\u00f3n basadas en los puntos de contacto, el conocimiento del consumidor y la comunicaci\u00f3n espec\u00edfica de cada segmento.\n\nEstamos especializados en trabajar para peque\u00f1as y medianas empresas, poniendo a su disposici\u00f3n expertos experimentados, profesionales que han trabajado durante a\u00f1os en puestos clave para marcas internacionales y polacas.\n\nEl valor primordial de nuestro trabajo es el pensamiento de 360\u00b0.\n\t\t\t\t\t\t<\/p>\n\t\t\t\t\t\t\t<h4 class=\"e-00b560e-594d6cf e-heading-base\"  >\n\t\t\tExperiencia\n\t\t<\/h4>\n\t\t\t\t\t\t\t\t<p class=\"e-334ef15-f639901 e-paragraph-base\"  >\n\t\t\t\t\t\t\t\t\t\tLlevamos trabajando en el sector desde sus inicios.\n\t\t\t\t\t\t<\/p>\n\t\t\t\t\t\t\t\t<p class=\"e-2b15743-d073299 e-paragraph-base\"  >\n\t\t\t\t\t\t\t\t\t\tLo conocemos al dedillo, ya que hemos trabajado durante muchos a\u00f1os en puestos clave de los principales medios de comunicaci\u00f3n\ny en redes de medios de comunicaci\u00f3n.\n\nEn la actualidad, somos una comunidad de Media People que ofrece algo m\u00e1s que servicios de medios de comunicaci\u00f3n.\n\nP\u00f3ngase en contacto con nosotros.\n\t\t\t\t\t\t<\/p>\n\t\t\t\t\t<\/div>\n\t\t\t\t<\/div>\n\t\t\t\t<\/div>\n\t\t<div class=\"elementor-element elementor-element-9ce4f7c e-flex e-con-boxed e-con e-parent\" data-id=\"9ce4f7c\" data-element_type=\"container\" data-settings=\"{&quot;background_background&quot;:&quot;classic&quot;}\">\n\t\t\t\t\t<div class=\"e-con-inner\">\n\t\t<div class=\"elementor-element elementor-element-c7bf9aa e-con-full e-flex e-con e-child\" data-id=\"c7bf9aa\" data-element_type=\"container\">\n\t\t\t\t<div class=\"elementor-element elementor-element-727caa5 elementor-widget elementor-widget-growla_heading\" data-id=\"727caa5\" data-element_type=\"widget\" data-widget_type=\"growla_heading.default\">\n\t\t\t\t<div class=\"elementor-widget-container\">\n\t\t\t\t\t\t<div class=\"growla-heading\">\r\n        <h6 class=\"growla-heading--sub mini-heading-02\">\r\n\r\n                            \/\/                         \r\n        <\/h6>\r\n\r\n                    <div class=\"growla-heading--content\">\r\n                <p><b>El valor primordial de nuestro trabajo es el pensamiento de 360\u00b0.<\/b><\/p>            <\/div>    \r\n            <\/div>\r\n\t\t\t\t\t<\/div>\n\t\t\t\t<\/div>\n\t\t\t\t<\/div>\n\t\t\t\t\t<\/div>\n\t\t\t\t<\/div>\n\t\t\t\t<\/div>","protected":false},"excerpt":{"rendered":"<p>\/\/ \u00bfQui\u00e9nes somos? Formamos una comunidad de expertos en medios de comunicaci\u00f3n, marketing y empresa. C\u00f3mo trabajamos Realizamos campa\u00f1as de \u00e9xito adoptando una visi\u00f3n m\u00e1s amplia del cliente y preparando a toda la empresa para optimizar el rendimiento comercial de la campa\u00f1a. Esto se debe a que creemos que incluso la campa\u00f1a mejor preparada ser\u00e1 ineficaz o no lo suficientemente buena si otras \u00e1reas de la empresa no est\u00e1n preparadas para ella. Las campa\u00f1as [...]<\/p>","protected":false},"author":1,"featured_media":0,"parent":0,"menu_order":0,"comment_status":"closed","ping_status":"closed","template":"","meta":{"inline_featured_image":false,"footnotes":""},"class_list":["post-2011","page","type-page","status-publish","hentry"],"_links":{"self":[{"href":"https:\/\/mediapeople.pl\/es\/wp-json\/wp\/v2\/pages\/2011","targetHints":{"allow":["GET"]}}],"collection":[{"href":"https:\/\/mediapeople.pl\/es\/wp-json\/wp\/v2\/pages"}],"about":[{"href":"https:\/\/mediapeople.pl\/es\/wp-json\/wp\/v2\/types\/page"}],"author":[{"embeddable":true,"href":"https:\/\/mediapeople.pl\/es\/wp-json\/wp\/v2\/users\/1"}],"replies":[{"embeddable":true,"href":"https:\/\/mediapeople.pl\/es\/wp-json\/wp\/v2\/comments?post=2011"}],"version-history":[{"count":39,"href":"https:\/\/mediapeople.pl\/es\/wp-json\/wp\/v2\/pages\/2011\/revisions"}],"predecessor-version":[{"id":7573,"href":"https:\/\/mediapeople.pl\/es\/wp-json\/wp\/v2\/pages\/2011\/revisions\/7573"}],"wp:attachment":[{"href":"https:\/\/mediapeople.pl\/es\/wp-json\/wp\/v2\/media?parent=2011"}],"curies":[{"name":"wp","href":"https:\/\/api.w.org\/{rel}","templated":true}]}}