{"id":3,"date":"2025-10-06T23:02:29","date_gmt":"2025-10-06T21:02:29","guid":{"rendered":"https:\/\/mediapeople.pl\/?page_id=3"},"modified":"2025-12-03T04:06:53","modified_gmt":"2025-12-03T03:06:53","slug":"politica-de-privacidad","status":"publish","type":"page","link":"https:\/\/mediapeople.pl\/es\/politica-de-privacidad\/","title":{"rendered":"Pol\u00edtica de privacidad"},"content":{"rendered":"<h2 class=\"wp-block-heading\">Qui\u00e9nes somos<\/h2>\n\n\n<p><strong class=\"privacy-policy-tutorial\">Texto sugerido: <\/strong>La direcci\u00f3n de nuestro sitio web es: https:\/\/dev-new-vision.pl\/mediapeople.<\/p>\n\n\n<h2 class=\"wp-block-heading\">Comentarios<\/h2>\n\n\n<p><strong class=\"privacy-policy-tutorial\">Texto sugerido: <\/strong>Cuando un visitante del sitio deja un comentario, recogemos los datos visibles en el formulario de comentarios, as\u00ed como la direcci\u00f3n IP del visitante y la firma del navegador como ayuda para la detecci\u00f3n de spam.<\/p>\n\n\n<p>Una cadena an\u00f3nima creada a partir de su direcci\u00f3n de correo electr\u00f3nico (tambi\u00e9n conocida como hash) puede enviarse al servicio Gravatar para verificar que se est\u00e1 utilizando. La pol\u00edtica de privacidad del servicio Gravatar est\u00e1 disponible en https:\/\/automattic.com\/privacy\/. Una vez aprobado tu comentario, tu foto de perfil ser\u00e1 visible p\u00fablicamente en el contexto de tu comentario.<\/p>\n\n\n<h2 class=\"wp-block-heading\">Medios de comunicaci\u00f3n<\/h2>\n\n\n<p><strong class=\"privacy-policy-tutorial\">Texto sugerido: <\/strong>Si eres un usuario registrado y subes im\u00e1genes al sitio, debes evitar subir im\u00e1genes con etiquetas de localizaci\u00f3n EXIF. Los visitantes del sitio pueden descargar y leer los datos de localizaci\u00f3n completos de las im\u00e1genes del sitio.<\/p>\n\n\n<h2 class=\"wp-block-heading\">Cookies<\/h2>\n\n\n<p><strong class=\"privacy-policy-tutorial\">Texto sugerido: <\/strong>Si hace comentarios en el sitio, podr\u00e1 elegir guardar su nombre, direcci\u00f3n de correo electr\u00f3nico y sitio web en cookies para que, cuando escriba comentarios posteriores, la informaci\u00f3n anterior ya est\u00e9 convenientemente cumplimentada. Las cookies caducan al cabo de un a\u00f1o.<\/p>\n\n\n<p>Si visita la p\u00e1gina de inicio de sesi\u00f3n, crearemos una cookie temporal para comprobar que su navegador acepta cookies. No contiene ning\u00fan dato personal y se borrar\u00e1 al cerrar el navegador.<\/p>\n\n\n<p>Cuando inicia sesi\u00f3n, creamos adem\u00e1s varias cookies necesarias para guardar su informaci\u00f3n de inicio de sesi\u00f3n y las opciones de pantalla seleccionadas. Las cookies de inicio de sesi\u00f3n caducan a los dos d\u00edas y las opciones de pantalla al a\u00f1o. Si marca la opci\u00f3n \u201eRecordarme\u201d, sus datos de acceso caducar\u00e1n a las dos semanas. Si cierra la sesi\u00f3n de su cuenta, se borrar\u00e1n las cookies de inicio de sesi\u00f3n.<\/p>\n\n\n<p>Si modifica o publica un art\u00edculo, se almacena una cookie adicional en su navegador. Esta cookie no contiene ning\u00fan dato personal, simplemente apunta al ID del art\u00edculo que acaba de editar. Caduca al cabo de 1 d\u00eda.<\/p>\n\n\n<h2 class=\"wp-block-heading\">Integrar contenidos de otros sitios<\/h2>\n\n\n<p><strong class=\"privacy-policy-tutorial\">Texto sugerido: <\/strong>Los art\u00edculos de este sitio web pueden contener contenidos incrustados (por ejemplo, v\u00eddeos, im\u00e1genes, art\u00edculos, etc.). El contenido incrustado de otros sitios se comporta como si el usuario hubiera visitado el sitio espec\u00edfico directamente.<\/p>\n\n\n<p>Los sitios pueden recopilar informaci\u00f3n sobre usted, utilizar cookies, conectar sistemas de seguimiento adicionales de terceros y controlar sus interacciones con el material incrustado, incluido el seguimiento de sus interacciones con el material incrustado si tiene una cuenta y ha iniciado sesi\u00f3n en ese sitio.<\/p>\n\n\n<h2 class=\"wp-block-heading\">Con qui\u00e9n compartimos los datos<\/h2>\n\n\n<p><strong class=\"privacy-policy-tutorial\">Texto sugerido: <\/strong>Si solicita un restablecimiento de contrase\u00f1a, su direcci\u00f3n IP se incluir\u00e1 en el mensaje enviado.<\/p>\n\n\n<h2 class=\"wp-block-heading\">Cu\u00e1nto tiempo conservamos sus datos<\/h2>\n\n\n<p><strong class=\"privacy-policy-tutorial\">Texto sugerido: <\/strong>Si deja un comentario, su contenido y metadatos se almacenar\u00e1n indefinidamente. De este modo, podemos reconocer y aprobar autom\u00e1ticamente los comentarios posteriores, sin enviarlos cada vez a moderaci\u00f3n.<\/p>\n\n\n<p>En el caso de los usuarios que se hayan registrado en nuestro sitio web (si los hay), tambi\u00e9n almacenamos la informaci\u00f3n personal introducida en el perfil. Cualquier usuario puede revisar, corregir o eliminar su informaci\u00f3n personal en cualquier momento (excepto su nombre de usuario, que no puede modificarse). Los administradores del sitio tambi\u00e9n pueden ver y modificar esta informaci\u00f3n.<\/p>\n\n\n<h2 class=\"wp-block-heading\">\u00bfQu\u00e9 derechos tiene sobre sus datos?<\/h2>\n\n\n<p><strong class=\"privacy-policy-tutorial\">Texto sugerido: <\/strong>Si tiene una cuenta de usuario o ha publicado comentarios en este sitio, puede solicitar un archivo con un conjunto exportado de los datos personales que obran en nuestro poder, incluida toda la informaci\u00f3n facilitada por usted. Tambi\u00e9n puede solicitar que eliminemos todos los datos personales que obren en nuestro poder. Esto no se aplica a los datos que estemos obligados a conservar por motivos administrativos, legales o de seguridad.<\/p>\n\n\n<h2 class=\"wp-block-heading\">D\u00f3nde enviamos sus datos<\/h2>\n\n\n<p><strong class=\"privacy-policy-tutorial\">Texto sugerido: <\/strong>Los comentarios de los visitantes pueden comprobarse mediante un servicio automatizado de detecci\u00f3n de spam.<\/p>","protected":false},"excerpt":{"rendered":"<p>Kim jeste\u015bmy Sugerowany tekst: Adres naszej strony internetowej to: https:\/\/dev-new-vision.pl\/mediapeople. Komentarze Sugerowany tekst: Kiedy odwiedzaj\u0105cy witryn\u0119 zostawia komentarz, zbieramy dane widoczne w formularzu komentowania, jak i adres IP odwiedzaj\u0105cego oraz podpis jego przegl\u0105darki jako pomoc przy wykrywaniu spamu. Anonimizowany ci\u0105g znak\u00f3w utworzony z twojego adresu e-mail (zwany te\u017c hashem) mo\u017ce zosta\u0107 przes\u0142any do us\u0142ugi Gravatar [&hellip;]<\/p>","protected":false},"author":1,"featured_media":0,"parent":0,"menu_order":0,"comment_status":"closed","ping_status":"open","template":"","meta":{"inline_featured_image":false,"footnotes":""},"class_list":["post-3","page","type-page","status-publish","hentry"],"_links":{"self":[{"href":"https:\/\/mediapeople.pl\/es\/wp-json\/wp\/v2\/pages\/3","targetHints":{"allow":["GET"]}}],"collection":[{"href":"https:\/\/mediapeople.pl\/es\/wp-json\/wp\/v2\/pages"}],"about":[{"href":"https:\/\/mediapeople.pl\/es\/wp-json\/wp\/v2\/types\/page"}],"author":[{"embeddable":true,"href":"https:\/\/mediapeople.pl\/es\/wp-json\/wp\/v2\/users\/1"}],"replies":[{"embeddable":true,"href":"https:\/\/mediapeople.pl\/es\/wp-json\/wp\/v2\/comments?post=3"}],"version-history":[{"count":1,"href":"https:\/\/mediapeople.pl\/es\/wp-json\/wp\/v2\/pages\/3\/revisions"}],"predecessor-version":[{"id":7988,"href":"https:\/\/mediapeople.pl\/es\/wp-json\/wp\/v2\/pages\/3\/revisions\/7988"}],"wp:attachment":[{"href":"https:\/\/mediapeople.pl\/es\/wp-json\/wp\/v2\/media?parent=3"}],"curies":[{"name":"wp","href":"https:\/\/api.w.org\/{rel}","templated":true}]}}