{"id":4599,"date":"2025-10-07T11:34:31","date_gmt":"2025-10-07T09:34:31","guid":{"rendered":"https:\/\/mediapeople.pl\/careers-2\/"},"modified":"2025-12-03T04:06:37","modified_gmt":"2025-12-03T03:06:37","slug":"ofertas-de-empleo","status":"publish","type":"page","link":"https:\/\/mediapeople.pl\/es\/ofertas-de-empleo\/","title":{"rendered":"Oportunidades de empleo"},"content":{"rendered":"<div data-elementor-type=\"wp-page\" data-elementor-id=\"4599\" class=\"elementor elementor-4599\" data-elementor-post-type=\"page\">\n\t\t\t\t<div class=\"elementor-element elementor-element-2bb9f969 e-flex e-con-boxed e-con e-parent\" data-id=\"2bb9f969\" data-element_type=\"container\" data-settings=\"{&quot;background_background&quot;:&quot;classic&quot;}\">\n\t\t\t\t\t<div class=\"e-con-inner\">\n\t\t\t\t<div class=\"elementor-element elementor-element-3a940824 elementor-widget elementor-widget-growla_heading\" data-id=\"3a940824\" data-element_type=\"widget\" data-widget_type=\"growla_heading.default\">\n\t\t\t\t<div class=\"elementor-widget-container\">\n\t\t\t\t\t\t<div class=\"growla-heading\">\r\n        <h6 class=\"growla-heading--sub mini-heading-02\">\r\n\r\n                            \/\/ \u00daNASE A NOSOTROS                        \r\n        <\/h6>\r\n\r\n                    <div class=\"growla-heading--content\">\r\n                <p>Contrataciones en curso<\/p>            <\/div>    \r\n            <\/div>\r\n\t\t\t\t\t<\/div>\n\t\t\t\t<\/div>\n\t\t<div class=\"elementor-element elementor-element-317e4592 e-con-full e-flex e-con e-child\" data-id=\"317e4592\" data-element_type=\"container\">\n\t\t\t\t<div class=\"elementor-element elementor-element-4edeab00 elementor-widget elementor-widget-growla_collapse_tab\" data-id=\"4edeab00\" data-element_type=\"widget\" data-widget_type=\"growla_collapse_tab.default\">\n\t\t\t\t<div class=\"elementor-widget-container\">\n\t\t\t\t\t    <div class=\"growla-collapse\">\r\n        <div class=\"growla-collapse-inner\">\r\n                        <h3 class=\"growla-collapse-heading\">\r\n                ASISTENTE DE MEDIOS            <\/h3>\r\n            \r\n                        <h6>\r\n                Lugar de trabajo: Varsovia            <\/h6>\r\n            \r\n            <div class=\"growla-collapse-content-wrapper\">\r\n                <div class=\"growla-collapse-excerpt\">\r\n                    <p>Apoyo al equipo en la planificaci\u00f3n y compra de medios, y en la ejecuci\u00f3n y liquidaci\u00f3n de campa\u00f1as....<\/p>                <\/div>\r\n\r\n                <div class=\"growla-collapse-content\">\r\n                    <p>EXPECTATIVAS<br \/>Conocimientos pr\u00e1cticos de inform\u00e1tica en MS Office, en particular Excel y Power Point.<\/p><p>Inter\u00e9s por el mercado de la publicidad en l\u00ednea.<\/p><p>Capacidad para trabajar de forma independiente, excelente organizaci\u00f3n del trabajo y cooperaci\u00f3n en equipo.<\/p><p>Para nosotros, m\u00e1s importante que la experiencia laboral es la actitud positiva, la disposici\u00f3n a aprender cosas nuevas, el pensamiento creativo y la facilidad para establecer contactos.<\/p><p>BIENVENIDO<br \/>Ingl\u00e9s comunicativo hablado y escrito<\/p><p>TAREAS<br \/>Apoyo al equipo en la planificaci\u00f3n y compra de medios, y en la ejecuci\u00f3n y facturaci\u00f3n de campa\u00f1as.<br \/>Seguimiento, elaboraci\u00f3n de an\u00e1lisis e informes sobre las campa\u00f1as en curso, el mercado, las tendencias y la competencia. Elaboraci\u00f3n de res\u00famenes y presentaciones multimedia.<br \/>Contacto con editores, fijaci\u00f3n de precios de espacios publicitarios, validaci\u00f3n de material publicitario, coordinaci\u00f3n de campa\u00f1as publicitarias sencillas.<\/p><p>Escr\u00edbanos: <a href=\"mailto:kontakt@mediapeople.pl\">kontakt@mediapeople.pl<\/a><\/p>                <\/div>\r\n            <\/div>\r\n        <\/div>\r\n\r\n                <div class=\"growla-collapse-icon\">\r\n                        <div class=\"normal-icon\">\r\n                <svg aria-hidden=\"true\" class=\"e-font-icon-svg e-fas-arrow-down\" viewbox=\"0 0 448 512\" xmlns=\"http:\/\/www.w3.org\/2000\/svg\"><path d=\"M413.1 222.5l22.2 22.2c9.4 9.4 9.4 24.6 0 33.9L241 473c-9.4 9.4-24.6 9.4-33.9 0L12.7 278.6c-9.4-9.4-9.4-24.6 0-33.9l22.2-22.2c9.5-9.5 25-9.3 34.3.4L184 343.4V56c0-13.3 10.7-24 24-24h32c13.3 0 24 10.7 24 24v287.4l114.8-120.5c9.3-9.8 24.8-10 34.3-.4z\"><\/path><\/svg>            <\/div>\r\n                                    <div class=\"active-icon\">\r\n                            <\/div>\r\n                    <\/div>\r\n            <\/div>\r\n    \t\t\t\t<\/div>\n\t\t\t\t<\/div>\n\t\t\t\t<div class=\"elementor-element elementor-element-17d93963 elementor-widget elementor-widget-growla_collapse_tab\" data-id=\"17d93963\" data-element_type=\"widget\" data-widget_type=\"growla_collapse_tab.default\">\n\t\t\t\t<div class=\"elementor-widget-container\">\n\t\t\t\t\t    <div class=\"growla-collapse\">\r\n        <div class=\"growla-collapse-inner\">\r\n                        <h3 class=\"growla-collapse-heading\">\r\n                Director de Medios Digitales            <\/h3>\r\n            \r\n                        <h6>\r\n                Lugar de trabajo: Varsovia            <\/h6>\r\n            \r\n            <div class=\"growla-collapse-content-wrapper\">\r\n                <div class=\"growla-collapse-excerpt\">\r\n                    <p class=\"page-content\">TAREAS LABORALES<br \/>Preparaci\u00f3n independiente y exhaustiva de la estrategia digital y recomendaciones....<\/p>                <\/div>\r\n\r\n                <div class=\"growla-collapse-content\">\r\n                    <p>TAREAS LABORALES<\/p><ul><li><p>Preparaci\u00f3n independiente y exhaustiva de la estrategia y las recomendaciones digitales.<\/p><\/li><li><p>Participaci\u00f3n en licitaciones y nuevos proyectos empresariales.<\/p><\/li><li><p>Relaci\u00f3n con clientes, editores y subcontratistas, estableciendo relaciones diarias, organizando y moderando reuniones.<\/p><\/li><li>\u00a0<\/li><\/ul><p>MIRANDO HACIA DELANTE<\/p><ul><li><p>experiencia en un puesto similar<\/p><\/li><li><p>capacidad de an\u00e1lisis y de formular conclusiones y recomendaciones claras<\/p><\/li><li><p>capacidad para preparar y presentar ofertas en PPT y Excel<\/p><\/li><li><p>capacidad para analizar los resultados y optimizar las campa\u00f1as en l\u00ednea<\/p><\/li><li><p>capacidad de negociaci\u00f3n<\/p><\/li><li><p>pensar con originalidad y ser capaz de convencer a los dem\u00e1s de sus ideas<\/p><\/li><li><p>Conocimientos de ingl\u00e9s a nivel comunicativo<\/p><\/li><li>\u00a0<\/li><\/ul><p>BIENVENIDO<\/p><ul><li><p>conocimiento de la realizaci\u00f3n de campa\u00f1as publicitarias de comercio electr\u00f3nico y conocimiento del ecosistema program\u00e1tico<\/p><\/li><li><p>conocimientos de las herramientas DV360, AdForm, DoubleClick Campaign Manager, gDE, Google Analytics, Google Tag Manager<\/p><\/li><li>\u00a0<\/li><\/ul><p>OFRECEMOS<\/p><ul><li><p>elecci\u00f3n de la forma de empleo<\/p><\/li><li><p>remuneraci\u00f3n acorde con las competencias<\/p><\/li><li><p>primas adicionales al salario ordinario<\/p><\/li><li><p>posibilidad de trabajar en un sistema h\u00edbrido<\/p><\/li><li><p>cursos de formaci\u00f3n a medida<\/p><\/li><li><p>C\u00f3moda ubicaci\u00f3n de la oficina en Mokotow, junto al metro<\/p><\/li><li><p>ambiente \u00edntimo<\/p><\/li><li><p>delicioso caf\u00e9, t\u00e9 a granel, dulces saludables<\/p><\/li><\/ul><p>\u00a0<\/p><p>Escr\u00edbanos: <a href=\"mailto:kontakt@mediapeople.pl\">kontakt@mediapeople.pl<\/a><\/p>                <\/div>\r\n            <\/div>\r\n        <\/div>\r\n\r\n                <div class=\"growla-collapse-icon\">\r\n                        <div class=\"normal-icon\">\r\n                <svg aria-hidden=\"true\" class=\"e-font-icon-svg e-fas-arrow-down\" viewbox=\"0 0 448 512\" xmlns=\"http:\/\/www.w3.org\/2000\/svg\"><path d=\"M413.1 222.5l22.2 22.2c9.4 9.4 9.4 24.6 0 33.9L241 473c-9.4 9.4-24.6 9.4-33.9 0L12.7 278.6c-9.4-9.4-9.4-24.6 0-33.9l22.2-22.2c9.5-9.5 25-9.3 34.3.4L184 343.4V56c0-13.3 10.7-24 24-24h32c13.3 0 24 10.7 24 24v287.4l114.8-120.5c9.3-9.8 24.8-10 34.3-.4z\"><\/path><\/svg>            <\/div>\r\n                                    <div class=\"active-icon\">\r\n                            <\/div>\r\n                    <\/div>\r\n            <\/div>\r\n    \t\t\t\t<\/div>\n\t\t\t\t<\/div>\n\t\t\t\t<\/div>\n\t\t\t\t\t<\/div>\n\t\t\t\t<\/div>\n\t\t\t\t<\/div>","protected":false},"excerpt":{"rendered":"<p>\/\/ \u00daNETE A NOSOTROS Contrataci\u00f3n actual ASISTENTE DE MEDIOS Localizaci\u00f3n del trabajo: Varsovia Apoyar al equipo en la planificaci\u00f3n y compra de medios, as\u00ed como en la ejecuci\u00f3n y liquidaci\u00f3n de campa\u00f1as.... EXPECTATIVASConocimientos pr\u00e1cticos de inform\u00e1tica en MS Office, en particular Excel y Power Point. Inter\u00e9s por el mercado de la publicidad online. Capacidad de trabajo aut\u00f3nomo, excelente organizaci\u00f3n del trabajo y cooperaci\u00f3n en equipo. M\u00e1s importante que la experiencia [...]<\/p>","protected":false},"author":1,"featured_media":0,"parent":0,"menu_order":0,"comment_status":"closed","ping_status":"closed","template":"","meta":{"inline_featured_image":false,"footnotes":""},"class_list":["post-4599","page","type-page","status-publish","hentry"],"_links":{"self":[{"href":"https:\/\/mediapeople.pl\/es\/wp-json\/wp\/v2\/pages\/4599","targetHints":{"allow":["GET"]}}],"collection":[{"href":"https:\/\/mediapeople.pl\/es\/wp-json\/wp\/v2\/pages"}],"about":[{"href":"https:\/\/mediapeople.pl\/es\/wp-json\/wp\/v2\/types\/page"}],"author":[{"embeddable":true,"href":"https:\/\/mediapeople.pl\/es\/wp-json\/wp\/v2\/users\/1"}],"replies":[{"embeddable":true,"href":"https:\/\/mediapeople.pl\/es\/wp-json\/wp\/v2\/comments?post=4599"}],"version-history":[{"count":4,"href":"https:\/\/mediapeople.pl\/es\/wp-json\/wp\/v2\/pages\/4599\/revisions"}],"predecessor-version":[{"id":7198,"href":"https:\/\/mediapeople.pl\/es\/wp-json\/wp\/v2\/pages\/4599\/revisions\/7198"}],"wp:attachment":[{"href":"https:\/\/mediapeople.pl\/es\/wp-json\/wp\/v2\/media?parent=4599"}],"curies":[{"name":"wp","href":"https:\/\/api.w.org\/{rel}","templated":true}]}}