{"id":5478,"date":"2025-10-22T12:05:50","date_gmt":"2025-10-22T10:05:50","guid":{"rendered":"https:\/\/mediapeople.pl\/?page_id=5478"},"modified":"2025-12-03T04:03:45","modified_gmt":"2025-12-03T03:03:45","slug":"mision","status":"publish","type":"page","link":"https:\/\/mediapeople.pl\/es\/mision\/","title":{"rendered":"Misi\u00f3n"},"content":{"rendered":"<div data-elementor-type=\"wp-page\" data-elementor-id=\"5478\" class=\"elementor elementor-5478\" data-elementor-post-type=\"page\">\n\t\t\t\t<div class=\"elementor-element elementor-element-1c9244c e-con-full e-flex e-con e-parent\" data-id=\"1c9244c\" data-element_type=\"container\" data-settings=\"{&quot;background_background&quot;:&quot;classic&quot;}\">\n\t\t<div class=\"elementor-element elementor-element-b228b23 e-flex e-con-boxed e-con e-child\" data-id=\"b228b23\" data-element_type=\"container\">\n\t\t\t\t\t<div class=\"e-con-inner\">\n\t\t\t\t<div class=\"elementor-element elementor-element-dc8c9ce elementor-widget__width-initial elementor-widget-tablet__width-inherit elementor-widget elementor-widget-growla_heading\" data-id=\"dc8c9ce\" data-element_type=\"widget\" data-widget_type=\"growla_heading.default\">\n\t\t\t\t<div class=\"elementor-widget-container\">\n\t\t\t\t\t\t<div class=\"growla-heading\">\r\n        <h6 class=\"growla-heading--sub mini-heading-02\">\r\n\r\n                            \/\/ Nuestra misi\u00f3n                        \r\n        <\/h6>\r\n\r\n                    <div class=\"growla-heading--content\">\r\n                <p>Crear una comunidad democr\u00e1tica y en constante aprendizaje de expertos que sientan profundamente lo que hacen.<\/p>            <\/div>    \r\n            <\/div>\r\n\t\t\t\t\t<\/div>\n\t\t\t\t<\/div>\n\t\t\t\t\t\t\t<h4 class=\"e-672889e-1dcd17e e-heading-base\"  >\n\t\t\tIdea\n\t\t<\/h4>\n\t\t\t\t\t\t\t\t<p class=\"e-859949a-48e3cfd e-paragraph-base\"  >\n\t\t\t\t\t\t\t\t\t\tApoyar a las PYME con los conocimientos de profesionales altamente cualificados de los que antes no dispon\u00eda el sector.\n\t\t\t\t\t\t<\/p>\n\t\t\t\t\t\t\t\t<p class=\"e-paragraph-base\"  >\n\t\t\t\t\t\t\t\t\t\tApoyo a las empresas polacas por una empresa local con capital exclusivamente polaco,\npero con muchos a\u00f1os de experiencia adquirida tambi\u00e9n en empresas internacionales.\n\nRealizaci\u00f3n de campa\u00f1as publicitarias eficaces gracias a actividades integradas\nen toda la empresa antes, durante y despu\u00e9s de la campa\u00f1a.\n\t\t\t\t\t\t<\/p>\n\t\t\t\t\t\t\t<h4 class=\"e-e232f54-a4e2c90 e-heading-base\"  >\n\t\t\tSingularidad\n\t\t<\/h4>\n\t\t\t\t\t\t\t\t<p class=\"e-1c11502-5711dc2 e-paragraph-base\"  >\n\t\t\t\t\t\t\t\t\t\tMedia People crea una comunidad de expertos en medios de comunicaci\u00f3n, marketing y negocios.\n\t\t\t\t\t\t<\/p>\n\t\t\t\t\t\t\t\t<p class=\"e-paragraph-base\"  >\n\t\t\t\t\t\t\t\t\t\tPonemos en marcha campa\u00f1as de \u00e9xito adoptando una visi\u00f3n m\u00e1s amplia del cliente y preparando a toda la empresa para optimizar el rendimiento de las ventas en relaci\u00f3n con la campa\u00f1a.\n\nEsto se debe a que creemos que incluso la campa\u00f1a mejor preparada ser\u00e1 ineficaz o no lo suficientemente buena si otras \u00e1reas de la empresa no est\u00e1n preparadas para ella.\n\nLas campa\u00f1as de nuestros clientes se implementan de forma integrada y\ny estrat\u00e9gica.  Podemos garantizar una muy buena ejecuci\u00f3n del plan en todos los canales de comunicaci\u00f3n.\n\t\t\t\t\t\t<\/p>\n\t\t\t\t<div class=\"elementor-element elementor-element-48743c6 elementor-widget elementor-widget-growla_button\" data-id=\"48743c6\" data-element_type=\"widget\" data-widget_type=\"growla_button.default\">\n\t\t\t\t<div class=\"elementor-widget-container\">\n\t\t\t\t\t    <a href=\"\/mediapeople\/kim-jestesmy\/\" class=\"growla-button growla-button-icon-hover\">\r\n        <span>Qui\u00e9nes somos<\/span>\r\n        \r\n                    <span class=\"icon\">\r\n                <svg xmlns=\"http:\/\/www.w3.org\/2000\/svg\" viewbox=\"0 0 24 24\"><path d=\"M4,11V13H16L10.5,18.5L11.92,19.92L19.84,12L11.92,4.08L10.5,5.5L16,11H4Z\"><\/path><\/svg>            <\/span>\r\n            <\/a>\r\n    \t\t\t\t<\/div>\n\t\t\t\t<\/div>\n\t\t\t\t\t<\/div>\n\t\t\t\t<\/div>\n\t\t\t\t<\/div>\n\t\t<div class=\"elementor-element elementor-element-9ce4f7c e-flex e-con-boxed e-con e-parent\" data-id=\"9ce4f7c\" data-element_type=\"container\" data-settings=\"{&quot;background_background&quot;:&quot;classic&quot;}\">\n\t\t\t\t\t<div class=\"e-con-inner\">\n\t\t<div class=\"elementor-element elementor-element-c7bf9aa e-con-full e-flex e-con e-child\" data-id=\"c7bf9aa\" data-element_type=\"container\">\n\t\t\t\t<div class=\"elementor-element elementor-element-727caa5 elementor-widget elementor-widget-growla_heading\" data-id=\"727caa5\" data-element_type=\"widget\" data-widget_type=\"growla_heading.default\">\n\t\t\t\t<div class=\"elementor-widget-container\">\n\t\t\t\t\t\t<div class=\"growla-heading\">\r\n        <h6 class=\"growla-heading--sub mini-heading-02\">\r\n\r\n                            \/\/                         \r\n        <\/h6>\r\n\r\n                    <div class=\"growla-heading--content\">\r\n                <h3>Dirigir una empresa con rostro humano, basada en profesionales altamente cualificados que ofrecen sus servicios a empresas que comparten los mismos valores. Colaboraci\u00f3n, experiencia, decencia, voluntad de aprender y crecer.<\/h3>            <\/div>    \r\n            <\/div>\r\n\t\t\t\t\t<\/div>\n\t\t\t\t<\/div>\n\t\t\t\t<\/div>\n\t\t\t\t\t<\/div>\n\t\t\t\t<\/div>\n\t\t\t\t<\/div>","protected":false},"excerpt":{"rendered":"<p>\/\/ Nuestra Misi\u00f3n Crear una comunidad democr\u00e1tica y de aprendizaje continuo de expertos que sientan profundamente lo que hacen. Idea Apoyar a las PYME con los conocimientos de especialistas altamente cualificados que antes no estaban al alcance del sector. Apoyo a las empresas polacas por parte de una empresa local con capital exclusivamente polaco, pero con muchos a\u00f1os de experiencia adquirida tambi\u00e9n en empresas internacionales. Realizaci\u00f3n de campa\u00f1as publicitarias eficaces gracias a [...].<\/p>","protected":false},"author":1,"featured_media":0,"parent":0,"menu_order":0,"comment_status":"closed","ping_status":"closed","template":"","meta":{"inline_featured_image":false,"footnotes":""},"class_list":["post-5478","page","type-page","status-publish","hentry"],"_links":{"self":[{"href":"https:\/\/mediapeople.pl\/es\/wp-json\/wp\/v2\/pages\/5478","targetHints":{"allow":["GET"]}}],"collection":[{"href":"https:\/\/mediapeople.pl\/es\/wp-json\/wp\/v2\/pages"}],"about":[{"href":"https:\/\/mediapeople.pl\/es\/wp-json\/wp\/v2\/types\/page"}],"author":[{"embeddable":true,"href":"https:\/\/mediapeople.pl\/es\/wp-json\/wp\/v2\/users\/1"}],"replies":[{"embeddable":true,"href":"https:\/\/mediapeople.pl\/es\/wp-json\/wp\/v2\/comments?post=5478"}],"version-history":[{"count":30,"href":"https:\/\/mediapeople.pl\/es\/wp-json\/wp\/v2\/pages\/5478\/revisions"}],"predecessor-version":[{"id":7205,"href":"https:\/\/mediapeople.pl\/es\/wp-json\/wp\/v2\/pages\/5478\/revisions\/7205"}],"wp:attachment":[{"href":"https:\/\/mediapeople.pl\/es\/wp-json\/wp\/v2\/media?parent=5478"}],"curies":[{"name":"wp","href":"https:\/\/api.w.org\/{rel}","templated":true}]}}